{"id":648,"date":"2021-08-05T12:41:31","date_gmt":"2021-08-05T10:41:31","guid":{"rendered":"https:\/\/prosave.dk\/?page_id=648"},"modified":"2021-11-19T09:55:31","modified_gmt":"2021-11-19T08:55:31","slug":"handelsbetingelser","status":"publish","type":"page","link":"https:\/\/prosave.dk\/en\/handelsbetingelser\/","title":{"rendered":"Handelsbetingelser"},"content":{"rendered":"\n<div class=\"block block--paragraph\">\n    <div class=\"paragraph\">\n\t\t<div class=\"grid\">\n\t\t\t<div class=\"col-md-6 offset-md-3\">\n\t\t\t\t<p>&nbsp;<\/p>\n<h1>Generelle handelsbetingelser<\/h1>\n<p>&nbsp;<\/p>\n<h4><b>1. Anvendelse<\/b><\/h4>\n<p><span style=\"font-weight: 400;\">1.1 Disse handelsbetingelser g\u00e6lder for enhver bestilling af produkter p\u00e5 bestillingsplatformen ProSave lokaliseret p\u00e5 internetadressen\u00a0<\/span><a href=\"http:\/\/www.prosave.dk\/\"><span style=\"font-weight: 400;\">www.prosave.dk<\/span><\/a><span style=\"font-weight: 400;\">\u00a0samt ProSave mobil applikation, som udbydes af ProSave ApS, CVR nr. 35 24 49 21, Bryghuspladsen 8, 3., 1473 K\u00f8benhavn K (herefter tilsammen og hver for sig ben\u00e6vnt \u201dProSave\u201d).<\/span><\/p>\n<p><span style=\"font-weight: 400;\">1.2 ProSave er en portal, der tilbyder professionelle installat\u00f8rer, mont\u00f8rer m.fl. (herefter ben\u00e6vnt \u201dVirksomheden\u201d) produktoplysninger, priser og en r\u00e6kke services, der g\u00f8r det enkelt samlet at bestille varer hos forskellige forhandlere (\u201dForhandlere\u201d). ProSave er alene formidler af Virksomhedens bestillinger til Forhandlerne, og forest\u00e5r s\u00e5ledes ikke k\u00f8b, salg eller levering af produkterne. Forhandlerne afregner og leverer produkterne direkte overfor\/til Virksomheden. I disse handelsbetingelser fastl\u00e6gges de betingelser, hvorp\u00e5 Virksomheden kan bestille produkter via ProSave.<\/span><\/p>\n<p><span style=\"font-weight: 400;\">1.3 Virksomheden skal acceptere disse handelsbetingelser inden produkter kan bestilles via ProSave. En markering i feltet &#8220;Accept af handelsbetingelser&#8221; udg\u00f8r en juridisk bindende aftale mellem Virksomheden og ProSave og dermed en accept af handelsbetingelserne.<\/span><\/p>\n<p><span style=\"font-weight: 400;\">1.4 ProSave forbeholder sig ret til l\u00f8bende at \u00e6ndre disse handelsbetingelser. Virksomheden vil modtage en e-mail herom mindst 30 dage f\u00f8r de \u00e6ndrede handelsbetingelser tr\u00e6der i kraft. Fortsat brug af ProSave efter ikrafttr\u00e6den af de \u00e6ndrede handelsbetingelser indeb\u00e6rer en accept heraf.<\/span><\/p>\n<p>&nbsp;<\/p>\n<h4>2. Registrering som bruger\/administrator<\/h4>\n<p><span style=\"font-weight: 400;\">2.1 Virksomheden oprettes med en administrator og kan ogs\u00e5 oprette yderligere brugere.<\/span><\/p>\n<p><span style=\"font-weight: 400;\">2.2 Virksomheden skal oprette en brugerkonto (hovedkonto), som administratoren har adgang til, og Virksomheden er forpligtet til at oprette sig med korrekt navn, adresse, CVR.nr., e-mailadresse, brugernavn og adgangskode m.v. Virksomheden indest\u00e5r for, at oplysningerne til enhver tid er opdaterede og korrekte. Derudover oprettes der ligeledes en bruger-konto for yderligere brugere. Administratorens\/brugerens adgangskode er personlig og m\u00e5 ikke videregives.<\/span><\/p>\n<p><span style=\"font-weight: 400;\">2.3 Virksomheden skal godkendes af ProSave forinden brugerkontoen (hovedkontoen) kan oprettes. Virksomheden skal have en s\u00e6rskilt konto hos de Forhandlere, som Virksomheden \u00f8nsker at bestille varer hos via ProSave.<\/span><\/p>\n<p><span style=\"font-weight: 400;\">2.4 S\u00e5fremt administratoren, Virksomheden eller brugeren handler i strid med disse handelsbetingelser eller i strid med g\u00e6ldende lovgivning, er ProSave berettiget til uden varsel at lukke brugerkontoen, jfr. pkt. 6.<\/span><\/p>\n<p><span style=\"font-weight: 400;\">2.5 B\u00e5de administratorer og brugere har adgang til bl.a. at frems\u00f8ge produkter, se nettopriser, afgive ordrer og se tidligere afsendte ordrer. Administratoren har derudover adgang til og ansvar for:<\/span><\/p>\n<p><span style=\"font-weight: 400;\">2.5.1 At godkende, aktivere og deaktivere yderligere brugere,<\/span><\/p>\n<p><span style=\"font-weight: 400;\">2.5.2 At vedligeholde egne og andre brugeres rettigheder, og<\/span><\/p>\n<p><span style=\"font-weight: 400;\">2.5.3 At Indl\u00e6se rabatfiler, herunder l\u00f8bende indl\u00e6se opdaterede rabatfiler. Ved eventuelle fejl i en rabatfil skal Virksomheden selv kontakte Forhandleren. ProSave er ikke ansvarlig for fejl i rabatfilerne.<\/span><\/p>\n<p><span style=\"font-weight: 400;\">2.6 N\u00e5r administratoren aktiverer en yderligere bruger, er det samtidig en bekr\u00e6ftelse af, at denne bruger har ret til at afgive ordrer via ProSave til Forhandlerne p\u00e5 Virksomhedens vegne.<\/span><\/p>\n<p><span style=\"font-weight: 400;\">2.7 Aktivering af en brugerkonto starter et abonnement hos ProSave, jfr. pkt. 3 om betaling.<\/span><\/p>\n<p>&nbsp;<\/p>\n<h4>3. Abonnement og betaling<\/h4>\n<p><span style=\"font-weight: 400;\">3.1 Adgang til ProSave opn\u00e5s mod forudg\u00e5ende betaling af et abonnement. Der betales et abonnement for hver bruger som har adgang til ProSave, samt for s\u00e6rskilte moduler. De til enhver tid g\u00e6ldende priser for fremg\u00e5r af prosave.dk.<\/span><\/p>\n<p><span style=\"font-weight: 400;\">3.2 Betaling til ProSave forfalder netto 14 dage fra fakturadato med mindre anden frist er anf\u00f8rt i ordrebekr\u00e6ftelse eller aftalegrundlag .<\/span><\/p>\n<p><span style=\"font-weight: 400;\">3.3 De til enhver tid g\u00e6ldende priser fremg\u00e5r af prosave.dk. Priserne er angivet eksklusiv moms og i danske kroner (DKK). Vi forbeholder os retten til at \u00e6ndre sammens\u00e6tning, indhold og priser p\u00e5 produkter og abonnementer med varsel p\u00e5 e-mail eller ved opslag p\u00e5 vores website.\u00a0<\/span><\/p>\n<p>&nbsp;<\/p>\n<h4>4. Bestilling af produkter<\/h4>\n<p><span style=\"font-weight: 400;\">4.1 N\u00e5r en bruger eller administrator sender en bestilling via ProSave, genereres der en unik ordre til hver Forhandler. ProSave stiller ordrerne til r\u00e5dighed for Forhandlerne hurtigst muligt i elektronisk form, typisk inden for 10 minutter. Virksomheden er ikke ansvarlig for, hvorn\u00e5r Forhandlerne behandler ordrerne.<\/span><\/p>\n<p><span style=\"font-weight: 400;\">4.2 Virksomheden opfordres til at aftale med Forhandleren, at der afsendes ordrebekr\u00e6ftelse fra Forhandleren, n\u00e5r der bestilles via ProSave. Bekr\u00e6ftelsen, der sendes fra ProSave til Virksomheden, er alene udtryk for, at ordren er modtaget hos ProSave og er ved at blive videregivet til Forhandleren og udg\u00f8r s\u00e5ledes ikke en bindende aftale.<\/span><\/p>\n<p><span style=\"font-weight: 400;\">4.3 ProSave retter eventuelle fejl og mangler p\u00e5 ProSave hurtigst muligt, men kan ikke garantere, at indholdet, herunder priser, afgifter, rabatter og produktdata, er uden fejl.<\/span><\/p>\n<p><span style=\"font-weight: 400;\">4.4 ProSave er ikke ansvarlig for eventuelle un\u00f8jagtigheder eller fejl i produktoplysninger, rabatter, afgifter og\/eller priser.<\/span><\/p>\n<p><span style=\"font-weight: 400;\">4.5 Virksomheden er udover disse handelsbetingelser bundet af Forhandlerens eventuelle salgs- og leveringsbetingelser.<\/span><\/p>\n<p><span style=\"font-weight: 400;\">4.6 Alle priser er ekskl. moms, hvis andet ikke fremg\u00e5r.<\/span><\/p>\n<p><span style=\"font-weight: 400;\">4.7 ProSave bestillingsplatform er i udgangspunktet tilg\u00e6ngelig d\u00f8gnet rundt, og der kan derfor altid foretages bestillinger. Der kan dog v\u00e6re at platforme holdes midlertidigt lukket grundet vedligeholdelse, og i s\u00e5 fald vil dette blive kommunikeret tydeligt ved login.\u00a0<\/span><\/p>\n<p>&nbsp;<\/p>\n<h4>5. Forholdet mellem ProSave og brugerne og ansvarsbegr\u00e6nsning<\/h4>\n<p><span style=\"font-weight: 400;\">5.1 ProSave er alene formidler af kontakten mellem Forhandler og Virksomhed. ProSave involverer sig ikke i Forhandlers og Virksomheds interne aftaler og fral\u00e6gger sig ethvert ansvar i denne forbindelse. ProSave kontrollerer s\u00e5ledes ikke, om Virksomheden betaler, og om Forhandleren leverer produktet\/produkterne.<\/span><\/p>\n<p><span style=\"font-weight: 400;\">5.2 ProSave er ikke ansvarlig for ordrernes indhold, fejl og\/eller mangler ved produkterne, levering (herunder leveringssted, leveringstidspunkt, forsinkelse, dellevering og udeblivelser), afregning, eller kommunikationen forbundet med ordreafvikling mellem Virksomhed og Forhandler, f.eks. ordrebekr\u00e6ftelse, faktura m.v.<\/span><\/p>\n<p><span style=\"font-weight: 400;\">5.3 Aftaler, der indg\u00e5s mellem Virksomhed og Forhandler, herunder f.eks. vedr. brugere, levering, bel\u00f8bsgr\u00e6nser, betaling eller afbestilling, er ProSave uvedkommende.<\/span><\/p>\n<p><span style=\"font-weight: 400;\">5.4 Virksomheden accepterer herved, at ProSave ikke indest\u00e5r for produktets kvalitet og egenskaber eller for Forhandlerens levering af produktet.<\/span><\/p>\n<p><span style=\"font-weight: 400;\">5.5 ProSave garanterer ikke uafbrudt kontinuerlig adgang til ProSave. ProSave kan s\u00e5ledes v\u00e6re utilg\u00e6ngelig, og ProSave kan ikke g\u00f8res ansvarlig for manglende adgang. ProSave kan ikke drages til ansvar for forsinkelser eller andre problemer med internetforbindelse eller opkobling, og er ikke ansvarlig for forsinkelser, der er opst\u00e5et som f\u00f8lge af brug af ProSave.<\/span><\/p>\n<p><span style=\"font-weight: 400;\">5.6 Da ProSave alene er formidler og dermed ikke er part i aftalen mellem Virksomhed og Forhandler, er ProSave ikke erstatningsansvarlig for direkte tab.<\/span><\/p>\n<p><span style=\"font-weight: 400;\">5.7 ProSave er ikke erstatningsansvarlig overfor Virksomheden for indirekte tab eller f\u00f8lgeskader, herunder for tab af data, driftstab, tabt fortjeneste, mistet forretning og lignende.<\/span><\/p>\n<p>&nbsp;<\/p>\n<h4>6. Opsigelse af abonnement\/lukning af brugerkonto<\/h4>\n<p><span style=\"font-weight: 400;\">6.1 En brugerkonto kan lukkes af Virksomhedens administrator. Derudover kan b\u00e5de ProSave og Virksomheden opsige brugerkontoen til udgangen af en m\u00e5ned. Betalingsmisligholdelse bliver ikke betragtet som en opsigelse af brugerkontoen.<\/span><\/p>\n<p><span style=\"font-weight: 400;\">6.2 Opsigelse af en konto betyder at:<\/span><\/p>\n<p><span style=\"font-weight: 400;\">6.2.1 Kontoen automatisk bliver deaktiveret og ikke l\u00e6ngere kan aktiveres af Virksomhedens administrator,<\/span><\/p>\n<p><span style=\"font-weight: 400;\">6.2.2 Abonnementet opsiges \u00f8jeblikkeligt, og<\/span><\/p>\n<p><span style=\"font-weight: 400;\">6.2.3 Allerede afsendte betalingskrav vedr\u00f8rende abonnementer mellem Virksomheden og ProSave, hvor abonnementsperiodens start ligger efter opsigelsestidspunktet, krediteres.<\/span><\/p>\n<p><span style=\"font-weight: 400;\">6.3 S\u00e5fremt ProSave modtager meddelelse om betalingsmisligholdelse fra Forhandlere eller s\u00e5fremt Virksomheden kommer i betalingsmisligholdelse, er ProSave berettiget til at oph\u00e6ve abonnementet, herunder lukke brugerkonti, uden varsel.<\/span><\/p>\n<p>&nbsp;<\/p>\n<h4>7. Kundens data<\/h4>\n<p><span style=\"font-weight: 400;\">7.1 Du er som kunde Dataansvarlig, for s\u00e5 vidt ang\u00e5r eventuelle Personoplysninger, som uploades og behandels p\u00e5 ProSave. Personoplysninger, som vi er behandlingsansvarlige for, bliver behandlet i henhold til vores privatlivspolitik.\u00a0<\/span><\/p>\n<p><span style=\"font-weight: 400;\">7.2 ProSave anvender brugerens\/administratorens personlige oplysninger n\u00e5r brugeren\/administratoren logger p\u00e5 sin brugerkonto hos ProSave. ProSave benytter navn og emailadresse til at foretage bestilling i brugerens navn, og videregiver i den forbindelse disse oplysninger til de Forhandlere der modtager bestillingen. Brugerens ordredata, herunder navn og emailadresse, bruges derudover ifm. support og intern statistik, og for at kunne fremsende nyhedsbreve vedr\u00f8rende ProSaves tjenester og virksomhed.<\/span><\/p>\n<p><span style=\"font-weight: 400;\">7.3 For yderligere information om ProSaves behandling af personoplysninger henviser vi til vores privatlivspolitik, som du finder her:\u00a0<\/span><a href=\"https:\/\/www.prosave.dk\/privatlivspolitik\"><span style=\"font-weight: 400;\">https:\/\/www.prosave.dk\/privatlivspolitik<\/span><\/a><\/p>\n<p>&nbsp;<\/p>\n<h4>8. Tvister<\/h4>\n<p><span style=\"font-weight: 400;\">8.1 Enhver tvist, som udspringer af disse handelsbetingelser, skal afg\u00f8res efter dansk ret ved de danske domstole og v\u00e6re underlagt dansk ret, bortset fra s\u00e5danne internanalt privatretlige regler, der kan f\u00f8re til anvendelsen af retsreglerne i en anden jurisiktion end Danmark.\u00a0\u00a0<\/span><\/p>\n<p>&nbsp;<\/p>\n<h4>9. Immateriel ejendom og ejerskab<\/h4>\n<p><span style=\"font-weight: 400;\">Informationerne p\u00e5 denne hjemmeside m\u00e5 ikke gengives, genudgives, distribueres, publiceres, s\u00e6lges, eller overf\u00f8res uden ProSaves udtrykkeligt skriftlige tilladelse. Dette g\u00e6lder dog ikke download, kopiering og gemte oplysninger til personligt brug.<\/span><\/p>\n<p><span style=\"font-weight: 400;\">Varem\u00e6rker og logoer, der vises p\u00e5 denne hjemmeside, er registrerede varem\u00e6rker og\/eller varem\u00e6rker efter s\u00e6dvaneret, der tilh\u00f8rer enten ProSave eller dets associerede selskaber. Ingen oplysninger p\u00e5 denne hjemmeside skal tolkes som tildeling eller ret til at bruge noget varem\u00e6rke uden forudg\u00e5ende skriftlig tilladelse fra ProSave eller den part, der ejer varem\u00e6rkerne.<\/span><\/p>\n<p>&nbsp;<\/p>\n<p><span style=\"font-weight: 400;\">Version 01082021<\/span><\/p>\n<p>&nbsp;<\/p>\n<p>&nbsp;<\/p>\n\n            <\/div>\n\t\t<\/div>\n\t<\/div>\n<\/div>\n","protected":false},"excerpt":{"rendered":"","protected":false},"author":1,"featured_media":0,"parent":0,"menu_order":0,"comment_status":"closed","ping_status":"closed","template":"","meta":{"_acf_changed":false,"footnotes":""},"class_list":["post-648","page","type-page","status-publish","hentry"],"acf":[],"yoast_head":"<!-- This site is optimized with the Yoast SEO plugin v27.2 - https:\/\/yoast.com\/product\/yoast-seo-wordpress\/ -->\n<title>Handelsbetingelser - ProSave<\/title>\n<meta name=\"robots\" content=\"noindex, follow, max-snippet:-1, max-image-preview:large, max-video-preview:-1\" \/>\n<meta property=\"og:locale\" content=\"en_US\" \/>\n<meta property=\"og:type\" content=\"article\" \/>\n<meta property=\"og:title\" content=\"Handelsbetingelser - ProSave\" \/>\n<meta property=\"og:url\" content=\"https:\/\/prosave.dk\/en\/handelsbetingelser\/\" \/>\n<meta property=\"og:site_name\" content=\"ProSave\" \/>\n<meta property=\"article:modified_time\" content=\"2021-11-19T08:55:31+00:00\" \/>\n<meta name=\"twitter:card\" content=\"summary_large_image\" \/>\n<script type=\"application\/ld+json\" class=\"yoast-schema-graph\">{\"@context\":\"https:\/\/schema.org\",\"@graph\":[{\"@type\":\"WebPage\",\"@id\":\"https:\/\/prosave.dk\/en\/handelsbetingelser\/\",\"url\":\"https:\/\/prosave.dk\/en\/handelsbetingelser\/\",\"name\":\"Handelsbetingelser - ProSave\",\"isPartOf\":{\"@id\":\"https:\/\/prosave.dk\/en\/#website\"},\"datePublished\":\"2021-08-05T10:41:31+00:00\",\"dateModified\":\"2021-11-19T08:55:31+00:00\",\"breadcrumb\":{\"@id\":\"https:\/\/prosave.dk\/en\/handelsbetingelser\/#breadcrumb\"},\"inLanguage\":\"en-US\",\"potentialAction\":[{\"@type\":\"ReadAction\",\"target\":[\"https:\/\/prosave.dk\/en\/handelsbetingelser\/\"]}]},{\"@type\":\"BreadcrumbList\",\"@id\":\"https:\/\/prosave.dk\/en\/handelsbetingelser\/#breadcrumb\",\"itemListElement\":[{\"@type\":\"ListItem\",\"position\":1,\"name\":\"Hjem\",\"item\":\"https:\/\/prosave.dk\/en\/\"},{\"@type\":\"ListItem\",\"position\":2,\"name\":\"Handelsbetingelser\"}]},{\"@type\":\"WebSite\",\"@id\":\"https:\/\/prosave.dk\/en\/#website\",\"url\":\"https:\/\/prosave.dk\/en\/\",\"name\":\"ProSave\",\"description\":\"K\u00f8b byggematerialer p\u00e5 tv\u00e6rs af grossister\",\"potentialAction\":[{\"@type\":\"SearchAction\",\"target\":{\"@type\":\"EntryPoint\",\"urlTemplate\":\"https:\/\/prosave.dk\/en\/?s={search_term_string}\"},\"query-input\":{\"@type\":\"PropertyValueSpecification\",\"valueRequired\":true,\"valueName\":\"search_term_string\"}}],\"inLanguage\":\"en-US\"}]}<\/script>\n<!-- \/ Yoast SEO plugin. -->","yoast_head_json":{"title":"Handelsbetingelser - ProSave","robots":{"index":"noindex","follow":"follow","max-snippet":"max-snippet:-1","max-image-preview":"max-image-preview:large","max-video-preview":"max-video-preview:-1"},"og_locale":"en_US","og_type":"article","og_title":"Handelsbetingelser - ProSave","og_url":"https:\/\/prosave.dk\/en\/handelsbetingelser\/","og_site_name":"ProSave","article_modified_time":"2021-11-19T08:55:31+00:00","twitter_card":"summary_large_image","schema":{"@context":"https:\/\/schema.org","@graph":[{"@type":"WebPage","@id":"https:\/\/prosave.dk\/en\/handelsbetingelser\/","url":"https:\/\/prosave.dk\/en\/handelsbetingelser\/","name":"Handelsbetingelser - ProSave","isPartOf":{"@id":"https:\/\/prosave.dk\/en\/#website"},"datePublished":"2021-08-05T10:41:31+00:00","dateModified":"2021-11-19T08:55:31+00:00","breadcrumb":{"@id":"https:\/\/prosave.dk\/en\/handelsbetingelser\/#breadcrumb"},"inLanguage":"en-US","potentialAction":[{"@type":"ReadAction","target":["https:\/\/prosave.dk\/en\/handelsbetingelser\/"]}]},{"@type":"BreadcrumbList","@id":"https:\/\/prosave.dk\/en\/handelsbetingelser\/#breadcrumb","itemListElement":[{"@type":"ListItem","position":1,"name":"Hjem","item":"https:\/\/prosave.dk\/en\/"},{"@type":"ListItem","position":2,"name":"Handelsbetingelser"}]},{"@type":"WebSite","@id":"https:\/\/prosave.dk\/en\/#website","url":"https:\/\/prosave.dk\/en\/","name":"ProSave","description":"K\u00f8b byggematerialer p\u00e5 tv\u00e6rs af grossister","potentialAction":[{"@type":"SearchAction","target":{"@type":"EntryPoint","urlTemplate":"https:\/\/prosave.dk\/en\/?s={search_term_string}"},"query-input":{"@type":"PropertyValueSpecification","valueRequired":true,"valueName":"search_term_string"}}],"inLanguage":"en-US"}]}},"_links":{"self":[{"href":"https:\/\/prosave.dk\/en\/wp-json\/wp\/v2\/pages\/648","targetHints":{"allow":["GET"]}}],"collection":[{"href":"https:\/\/prosave.dk\/en\/wp-json\/wp\/v2\/pages"}],"about":[{"href":"https:\/\/prosave.dk\/en\/wp-json\/wp\/v2\/types\/page"}],"author":[{"embeddable":true,"href":"https:\/\/prosave.dk\/en\/wp-json\/wp\/v2\/users\/1"}],"replies":[{"embeddable":true,"href":"https:\/\/prosave.dk\/en\/wp-json\/wp\/v2\/comments?post=648"}],"version-history":[{"count":10,"href":"https:\/\/prosave.dk\/en\/wp-json\/wp\/v2\/pages\/648\/revisions"}],"predecessor-version":[{"id":723,"href":"https:\/\/prosave.dk\/en\/wp-json\/wp\/v2\/pages\/648\/revisions\/723"}],"wp:attachment":[{"href":"https:\/\/prosave.dk\/en\/wp-json\/wp\/v2\/media?parent=648"}],"curies":[{"name":"wp","href":"https:\/\/api.w.org\/{rel}","templated":true}]}}