{"id":3,"date":"2021-06-09T10:21:55","date_gmt":"2021-06-09T10:21:55","guid":{"rendered":"http:\/\/prosave.dk\/?page_id=3"},"modified":"2021-11-19T09:35:58","modified_gmt":"2021-11-19T08:35:58","slug":"privacy-policy","status":"publish","type":"page","link":"https:\/\/prosave.dk\/en\/privacy-policy\/","title":{"rendered":"Privatlivspolitik"},"content":{"rendered":"\n<div class=\"block block--paragraph\">\n    <div class=\"paragraph\">\n\t\t<div class=\"grid\">\n\t\t\t<div class=\"col-md-6 offset-md-3\">\n\t\t\t\t<p>&nbsp;<\/p>\n<h1>Privatlivspolitik<\/h1>\n<p><span style=\"font-weight: 400;\">Hos ProSave respekterer vi dit privatliv og er forpligtet til at opretholde dine rettigheder til retsm\u00e6ssig behandling og beskyttelse af personlige data. Vores privatlivspolitik giver dig en n\u00f8je forklaring vedr\u00f8rende dine personlige data, som vi har f\u00e5et, og data, som vi kan indhente fra dig.<\/span><\/p>\n<p><span style=\"font-weight: 400;\">Vi garanterer, at vi beskytter de oplysninger vi indhenter.\u00a0<\/span><\/p>\n<p><span style=\"font-weight: 400;\">Denne privatlivspolitik opdateres fra tid til anden; du tilr\u00e5des derfor at orientere dig p\u00e5 denne side, om eventuelle opdateringer. S\u00e5fremt der foretages materielle \u00e6ndringer, vil vi give dig besked p\u00e5 vores hjemmeside, inden \u00e6ndringerne tr\u00e6der i kraft. Privatlivspolitikken blev senest \u00e6ndret den: 01\/08\/2021.\u00a0<\/span><\/p>\n<p><span style=\"font-weight: 400;\">Eventuelle \u00e6ldre udgaver af privatlivspolitikken kan findes i vores\u00a0<\/span><a href=\"https:\/\/www.prosave.dk\/arkiv\"><span style=\"font-weight: 400;\">arkiv<\/span><\/a><span style=\"font-weight: 400;\">.<\/span><\/p>\n<p>&nbsp;<\/p>\n<h4>1. Hvorfor indhenter i mine data?<\/h4>\n<p><span style=\"font-weight: 400;\">Vi behandler dine personoplysninger, s\u00e5 du kan benytte vores service i henhold til din virksomheds aftale med ProSave.<\/span><\/p>\n<p><span style=\"font-weight: 400;\">Vi behandler dine personoplysninger, n\u00e5r det er n\u00f8dvendigt, for at:\u00a0<\/span><\/p>\n<ul>\n<li style=\"font-weight: 400;\" aria-level=\"1\"><span style=\"font-weight: 400;\">Forf\u00f8lge vores legitime interesser, herunder i tilknytning til a) forbedre vores produkter eller services, og for at teste, opdatere og implementere nye teknologier vedr\u00f8rende identifikation b) til statistiske og markedsanalyseform\u00e5l, til at m\u00e5le eller forst\u00e5 den effektive virkning af vores reklamer til dig og andre, og til at levere relevant markedsf\u00f8ring til dig, c) ved salg af hele eller del af virksomheden samt omorganisering, og d) til at administrere og forbedre vores websider, holde dem sikre og s\u00f8rge for, at deres indhold pr\u00e6senteres p\u00e5 den mest effektive m\u00e5de for dig p\u00e5 din enhed, forudsat at de oplyste interesser overstiger hensynet til dig og dine rettigheder.<\/span><\/li>\n<li style=\"font-weight: 400;\" aria-level=\"1\"><span style=\"font-weight: 400;\">Overholde vores forpligtelser til myndigheder eller samarbejdspartnere (fx revision, grossister).<\/span><\/li>\n<li style=\"font-weight: 400;\" aria-level=\"1\"><span style=\"font-weight: 400;\">Identificere og undg\u00e5 svindel eller andre kriminelle handlinger.<\/span><\/li>\n<\/ul>\n<p><span style=\"font-weight: 400;\">Konsekvensen ved at vi ikke kan behandle dine persondata, er at du ikke vil have mulighed for at benytte ProSave.\u00a0<\/span><\/p>\n<p>&nbsp;<\/p>\n<h4>2. Hvordan indhenter I mine data?<\/h4>\n<p><span style=\"font-weight: 400;\">Vi indhenter dine oplysninger p\u00e5 tre m\u00e5der:\u00a0<\/span><\/p>\n<ol>\n<li style=\"font-weight: 400;\" aria-level=\"1\"><span style=\"font-weight: 400;\">Oplysninger du giver os, via vores hjemmeside, sociale medier, post, e-mail, telefon, chat eller andre medier eller tjenester;<\/span><\/li>\n<li style=\"font-weight: 400;\" aria-level=\"1\"><span style=\"font-weight: 400;\">Automatisk indhentede oplysninger, n\u00e5r du benytter vores hjemmeside eller produkter, og<\/span><\/li>\n<li style=\"font-weight: 400;\" aria-level=\"1\"><span style=\"font-weight: 400;\">Oplysninger fra tredjepart, f.eks partnere.\u00a0<\/span><\/li>\n<\/ol>\n<p><span style=\"font-weight: 400;\">De oplysninger vi indhenter automatisk, omfatter blandt andet cookies og tilsvarende teknologi.\u00a0<\/span><\/p>\n<p><span style=\"font-weight: 400;\">Du kan l\u00e6se mere herom i vores\u00a0<\/span><a href=\"https:\/\/www.prosave.dk\/cookies\"><span style=\"font-weight: 400;\">Cookie- og trackingpolitik<\/span><\/a><span style=\"font-weight: 400;\">.<\/span><\/p>\n<p>&nbsp;<\/p>\n<h4>3. Hvilke data indhenter I om mig?<\/h4>\n<p><span style=\"font-weight: 400;\">Data kan indhentes og behandles gennem brug af vores webside, mobilapplikationer og brug af vores tjenester, eller n\u00e5r du kommunikerer med os p\u00e5 \u00f8vrige m\u00e5der.<\/span><\/p>\n<p><span style=\"font-weight: 400;\">Oplysninger du giver os<\/span><\/p>\n<ul>\n<li style=\"font-weight: 400;\" aria-level=\"1\"><span style=\"font-weight: 400;\">N\u00e5r du registrerer dig p\u00e5 vores webside, bruger vores webside eller mobilapplikationer, udfylder formularer eller andet produkt eller anden tjeneste, som vi tilbyder p\u00e5 vores webside, eller p\u00e5 anden m\u00e5de, hvor vi g\u00f8r den tilg\u00e6ngelig.<\/span><\/li>\n<li style=\"font-weight: 400;\" aria-level=\"1\"><span style=\"font-weight: 400;\">N\u00e5r du rapporterer et problem eller kommunikerer med os vedr\u00f8rende vores produkter eller ydelser.<\/span><\/li>\n<li style=\"font-weight: 400;\" aria-level=\"1\"><span style=\"font-weight: 400;\">N\u00e5r du deltager i diskussionsrum, kommenterer p\u00e5 vores nyheder eller bruger andre sociale mediefunktioner p\u00e5 vore webside, i markedsf\u00f8ring eller unders\u00f8gelser, andre aktiviteter, der udf\u00f8res via websiden.<\/span><\/li>\n<li style=\"font-weight: 400;\" aria-level=\"1\"><span style=\"font-weight: 400;\">N\u00e5r du deltager i en konkurrence, promovering eller unders\u00f8gelse p\u00e5 nogen m\u00e5de, herunder hos vores partnere og p\u00e5 sociale medier.<\/span><\/li>\n<li style=\"font-weight: 400;\" aria-level=\"1\"><span style=\"font-weight: 400;\">Hvis du er i kontakt med os af andre \u00e5rsager \u2013 herunder via vores webside, e-mail, telefon, chat eller andet medie eller anden tjeneste.<\/span><\/li>\n<\/ul>\n<p><span style=\"font-weight: 400;\">De oplysninger, du giver os, omfatter: navn, adresse, e-mail adresse og telefonnummer, arbejdsgivers navn, arbejdstelefonnummer, foto eller billede og \u00f8vrige oplysninger, som du v\u00e6lger at give os.<\/span><\/p>\n<p><span style=\"font-weight: 400;\">Vi registrerer og lagrer og kan bruge de oplysninger, du giver os p\u00e5 de m\u00e5der, som er angivet ovenfor.\u00a0<\/span><\/p>\n<p>&nbsp;<\/p>\n<p><strong>Automatisk indhentede oplysninger<\/strong><\/p>\n<p><span style=\"font-weight: 400;\">Hvad ang\u00e5r hvert af dine bes\u00f8g p\u00e5 websiden eller din brug af vores mobilapplikation kan vi automatisk indhente f\u00f8lgende oplysninger:<\/span><\/p>\n<ul>\n<li style=\"font-weight: 400;\" aria-level=\"1\"><span style=\"font-weight: 400;\">Tekniske oplysninger, herunder internetprotokollen (IP)-adressen og internetudbyderen, som anvendes til at oprette forbindelse fra din computer til internettet, browsertype og -version, tidszoneindstillinger, browser plug-in-typer og -versioner, operativsystem og platform, sk\u00e6rmopl\u00f8sning, lokation samt skriftindstillinger;<\/span><\/li>\n<li style=\"font-weight: 400;\" aria-level=\"1\"><span style=\"font-weight: 400;\">Oplysninger om dit bes\u00f8g, herunder den fulde Uniform Resource Locators (url) clickstream til, gennem og fra websiden (herunder data og tid); produkter du tidligere har s\u00f8gt efter, eventuelle filer du har \u00e5bnet gennem vores side (HTML sider, grafik, osv.) sidens svartider, downloadfejl, l\u00e6ngden for bes\u00f8g p\u00e5 visse sider, oplysninger om adf\u00e6rd p\u00e5 siden (f.eks. scrolling, klik og mouseovers) og metoder, som bruges til at bladre v\u00e6k fra siden og telefonnumre, som bruges til at ringe til vores kundeservice-funktion<\/span><\/li>\n<\/ul>\n<p><span style=\"font-weight: 400;\">For yderligere information, se venligst afsnittet \u201dHvordan indhenter I mine data? \u201d<\/span><\/p>\n<p>&nbsp;<\/p>\n<p><strong>Oplysninger fra tredjepart<\/strong><\/p>\n<p><span style=\"font-weight: 400;\">Hvis data indsamles fra tredjepart, g\u00f8res dette i overensstemmelse med til enhver tid g\u00e6ldende datalovgivning, og hvor det er n\u00f8dvendigt, vil vi anmode om dit samtykke forinden en s\u00e5dan anmodning.<\/span><\/p>\n<ul>\n<li style=\"font-weight: 400;\" aria-level=\"1\"><span style=\"font-weight: 400;\">Relevante eksempler hvor data kan indsamles:<\/span>\n<ul>\n<li style=\"font-weight: 400;\" aria-level=\"2\"><span style=\"font-weight: 400;\">fra andre forretningspartnere, som vi samarbejder med vedr\u00f8rende konkurrencer, promoveringer og unders\u00f8gelser, som du deltager i;<\/span><\/li>\n<li style=\"font-weight: 400;\" aria-level=\"2\"><span style=\"font-weight: 400;\">fra forretningspartnere du anvender fx der leverer ordre- og sags systemer eller andre IT systemer anvendt af byggebranchen<\/span><\/li>\n<li style=\"font-weight: 400;\" aria-level=\"2\"><span style=\"font-weight: 400;\">i alle andre tilf\u00e6lde, n\u00e5r du har indvilliget i videregivelse af data til os.<\/span><\/li>\n<\/ul>\n<\/li>\n<\/ul>\n<p>&nbsp;<\/p>\n<p><strong>Hvor l\u00e6nge lagrer I mine data?<\/strong><\/p>\n<p><span style=\"font-weight: 400;\">Vi vil lagre dine oplysninger i en periode efter aftaleforholdet er oph\u00f8rt hos os, dette g\u00f8res for at sikre vores juridiske interesser ved eventuelle uoverensstemmelser, og for at overholde vores forpligtelser i henhold til g\u00e6ldende lovgivning. Vi opbevarer dog, typisk, ikke dine oplysninger l\u00e6ngere end hvad der anses for rimeligt n\u00f8dvendigt i forhold til det form\u00e5l oplysninger indhentes, generelt for at opfylde vores juridiske interesse eller som kr\u00e6vet i henhold til enhver tid g\u00e6ldende lovgivning.\u00a0<\/span><\/p>\n<p>&nbsp;<\/p>\n<h4>4. Videregiver i mine data?<\/h4>\n<p><span style=\"font-weight: 400;\">Vi kan videregive dine oplysninger til udvalgte tredjeparter for at opretholde vores kontraktuelle forpligtelser med dig samt andre form\u00e5l beskrevet i n\u00e6rv\u00e6rende politik:\u00a0<\/span><\/p>\n<ul>\n<li style=\"font-weight: 400;\" aria-level=\"1\"><span style=\"font-weight: 400;\">Som leverer services p\u00e5 vores vegne;\u00a0<\/span><\/li>\n<li style=\"font-weight: 400;\" aria-level=\"1\"><span style=\"font-weight: 400;\">Som bist\u00e5r med vores forretningsaktiviteter, s\u00e5som hjemmeside hosting og udvikling, kundeservice og inddrivelses aktiviteter, analyse om brugen af vores services og assistance ved markedsf\u00f8ringsaktiviteter;\u00a0<\/span><\/li>\n<li style=\"font-weight: 400;\" aria-level=\"1\"><span style=\"font-weight: 400;\">For at tilbyde og udbyde services samt udvikling af nye services;\u00a0<\/span><\/li>\n<li style=\"font-weight: 400;\" aria-level=\"1\"><span style=\"font-weight: 400;\">Til enhver tid, n\u00e5r vi i retlig henseende p\u00e5bydes at videregive oplysninger om din brug af vores ydelser og dine bes\u00f8g p\u00e5 vores websider, for eksempel for at overholde loven og retslige procedurer, n\u00e5r vi i god tro mener, at videregivelse er n\u00f8dvendig for at beskytte vores rettigheder, beskytte din sikkerhed eller andres sikkerhed, forebygge og unders\u00f8ge bedrageri eller reagere p\u00e5 anmodninger fra myndigheder;<\/span><\/li>\n<li style=\"font-weight: 400;\" aria-level=\"1\"><span style=\"font-weight: 400;\">Vi kan dele dine oplysninger med analysebureauer og\/eller s\u00f8geoptimerings udbydere, der assisterer os i forbedringen og optimeringen af vores hjemmeside;\u00a0<\/span><\/li>\n<li style=\"font-weight: 400;\" aria-level=\"1\"><span style=\"font-weight: 400;\">Frasalg af dele af eller hele vores forretning, eller overdragelse af dine forpligtelser til tredjemand, kan resultere i at dine data ligeledes videregives;\u00a0<\/span><\/li>\n<li style=\"font-weight: 400;\" aria-level=\"1\"><span style=\"font-weight: 400;\">For andre form\u00e5l n\u00e6vnt i afsnittet \u201dHvorfor indhenter I mine data? \u201d\u00a0<\/span><\/li>\n<\/ul>\n<p><span style=\"font-weight: 400;\">Ved overf\u00f8rsel af data er vi forpligtede til at sikre, at datamodtageren f\u00f8lger de samme sikkerhedsforanstaltninger for lagring og behandling af personlige data, som vi g\u00f8r.<\/span><\/p>\n<p><span style=\"font-weight: 400;\">Dine personlige data vil blive behandlet, opbevaret og videregivet til tredjeparter i overensstemmelse med n\u00e6rv\u00e6rende politik, aftalen mellem dig og os samt de samtykker du giver fra tid til anden.<\/span><\/p>\n<p><span style=\"font-weight: 400;\">Lokationer uden for det europ\u00e6iske \u00f8konomiske samarbejdsomr\u00e5de (\u201dE\u00d8S\u201d) som ikke har den samme eller lignende beskyttelse af personoplysninger som landende i E\u00d8S \u2013 for eksempel USA &#8211; kan blive brugt til behandling af data (inklusiv opbevaring), som vi indhenter om dig. De oplysninger, vi deler uden for det europ\u00e6iske \u00f8konomiske samarbejdsomr\u00e5de, kan deles med vores tjenesteudbydere. De indeholder processer som dataanalyser, indhentning af oplysninger ved brug af vores websider og tjenester, til reklameform\u00e5l (herunder reklamer baseret p\u00e5 adf\u00e6rd) eller tilbud om support til dine tjeneste- eller produktbehov<\/span><\/p>\n<p><span style=\"font-weight: 400;\">Vi tager alle rimelige forholdsregler for at sikre sikkerheden for dine personlige data i overensstemmelse med n\u00e6rv\u00e6rende privatlivspolitik og g\u00e6ldende retsakter. Vi benytter for eksempel i) aftaler udviklet af Europa-Kommissionen ii) og overf\u00f8rer data til modtagere der har tilsluttet sig EU-US Privacy shield programmet.<\/span><\/p>\n<p>&nbsp;<\/p>\n<h4>5. Hvilke rettigheder har jeg over min egne data?<\/h4>\n<p><span style=\"font-weight: 400;\">Du har f\u00f8lgende rettigheder:\u00a0<\/span><\/p>\n<ul>\n<li style=\"font-weight: 400;\" aria-level=\"1\"><span style=\"font-weight: 400;\">Du har retten til at f\u00e5 indsigt i dine egne data<\/span><\/li>\n<li style=\"font-weight: 400;\" aria-level=\"1\"><span style=\"font-weight: 400;\">Du har retten til at f\u00e5 udleveret en kopi af de data vi behandler om dig, i et struktureret og maskinl\u00e6sbart format (data portabilitet)<\/span><\/li>\n<li style=\"font-weight: 400;\" aria-level=\"1\"><span style=\"font-weight: 400;\">Du har retten til at f\u00e5 slettet dine data (retten til at blive glemt)<\/span><\/li>\n<li style=\"font-weight: 400;\" aria-level=\"1\"><span style=\"font-weight: 400;\">Du har retten til at mods\u00e6tte dig behandling af dine data og til at indskr\u00e6nke behandlingen af dine data, herunder<\/span>\n<ul>\n<li style=\"font-weight: 400;\" aria-level=\"2\"><span style=\"font-weight: 400;\">Har du en ubetinget ret, til at frav\u00e6lge direkte markedsf\u00f8ring\u00a0<\/span><\/li>\n<li style=\"font-weight: 400;\" aria-level=\"2\"><span style=\"font-weight: 400;\">Hvis behandlingen af dine data, foreg\u00e5r p\u00e5 baggrund af et samtykke, har du retten til, til enhver tid, at tilbagekalde dit samtykke. En s\u00e5dan tilbagekaldelse vil ikke p\u00e5virke den retm\u00e6ssige behandling der er foreg\u00e5et inden du tilbagekaldte samtykket. Dit samtykke kan tilbagekaldes p\u00e5 din profil p\u00e5 vores hjemmeside eller ved at kontakte os p\u00e5\u00a0<\/span><a href=\"mailto:support@prosave.dk\"><span style=\"font-weight: 400;\">support@prosave.dk<\/span><\/a><span style=\"font-weight: 400;\">. Endvidere kan du tilbagekalde dit markedsf\u00f8rings-samtykke nederst i hver e-mail du modtager fra os.<\/span><\/li>\n<\/ul>\n<\/li>\n<li style=\"font-weight: 400;\" aria-level=\"1\"><span style=\"font-weight: 400;\">Du har retten til at anmode om at vi retter eller indskr\u00e6nker behandlingen af visse oplysninger om dig.\u00a0<\/span><\/li>\n<li style=\"font-weight: 400;\" aria-level=\"1\"><span style=\"font-weight: 400;\">Du kan altid fremsende en klage til Datatilsynet, s\u00e5fremt vores behandling af dine data ikke lever op til g\u00e6ldende lovgivning.\u00a0<\/span><\/li>\n<\/ul>\n<p><span style=\"font-weight: 400;\">Ovenst\u00e5ende rettigheder, kan ud\u00f8ves ved at fremsende en e-mail til <\/span><a href=\"mailto:support@prosave.dk\"><span style=\"font-weight: 400;\">support@prosave.dk<\/span><\/a><span style=\"font-weight: 400;\">\u00a0<\/span><\/p>\n<p><span style=\"font-weight: 400;\">For at ud\u00f8ve dine rettigheder til at rette data, indskr\u00e6nke behandlingen data eller indskr\u00e6nke behandlingen af dine data bedes du sende en anmodning til <\/span><a href=\"mailto:support@prosave.dk\"><span style=\"font-weight: 400;\">support@prosave.dk<\/span><\/a><span style=\"font-weight: 400;\">\u00a0<\/span><\/p>\n<p><span style=\"font-weight: 400;\">Der kan v\u00e6re betingelser, der umuligg\u00f8r at vi im\u00f8dekommer dine anmodninger, s\u00e5som hvis vi er forpligtet til at opbevare dine oplysninger i en periode i henhold til lovgivning, s\u00e5som hvidvaskningslovgivning, skattelovgivning eller forbrugerbeskyttelsesregler.\u00a0<\/span><\/p>\n<p>&nbsp;<\/p>\n<h4>6. Foretager i automatiske beslutninger om mig?<\/h4>\n<p><span style=\"font-weight: 400;\">Automatiske beslutninger er evnen til at tr\u00e6ffe beslutninger ved teknologiske midler uden menneskelig inddragelse. Vi bruger ikke automatiske beslutninger om dig.\u00a0<\/span><\/p>\n<p>&nbsp;<\/p>\n<h4>7. Hvilke \u00e6ndringer har I foretaget?<\/h4>\n<p><span style=\"font-weight: 400;\">Vi gennemser og opdaterer denne politik fra tid til anden. Datoen for den seneste opdatering vil fremg\u00e5 i n\u00e6rv\u00e6rende politik. S\u00e5fremt vi har \u00e6ndret politikken signifikant, vil s\u00e5danne \u00e6ndringer fremh\u00e6ves og vi vil fors\u00f8ge at give dig besked herom, n\u00e5r det er muligt. Endvidere kan du til enhver tid se tidligere versioner af denne politik i vores arkiv.\u00a0<\/span><\/p>\n<p><span style=\"font-weight: 400;\">Vores arkiv over tidligere versioner kan findes\u00a0<\/span><a href=\"https:\/\/www.prosave.dk\/arkiv\"><span style=\"font-weight: 400;\">her<\/span><\/a><\/p>\n<p>&nbsp;<\/p>\n<h4>8. Hvordan kan I kontaktes?<\/h4>\n<p><span style=\"font-weight: 400;\">Du er altid velkommen til at kontakte os med sp\u00f8rgsm\u00e5l, anmodninger eller kommentarer, som du m\u00e5tte have til vores privatlivspolitik eller hvordan vi behandler dine data. Vi vil altid gerne have henvendelser vedr\u00f8rende behandlingen af personoplysninger via:\u00a0<\/span><\/p>\n<p><span style=\"font-weight: 400;\">E-mailadresse: <\/span><a href=\"mailto:support@prosave.dk\"><span style=\"font-weight: 400;\">support@prosave.dk<\/span><\/a><span style=\"font-weight: 400;\"> \u00a0<\/span><\/p>\n<p><span style=\"font-weight: 400;\">ProSave ApS CVR-nr. 35244921, adresse: Bryghuspladsen 8, 3., DK 1473 Skanderborg (herefter \u2013 \u201cProSave ApS\u201d og\/eller \u201cvi\u201d) kontrollerer behandlingen af personlige data som f\u00f8lge af brug af denne webside og vores tjenesteydelser.<\/span><\/p>\n<p>&nbsp;<\/p>\n<h4>9. Er der andet jeg beh\u00f8ver at vide?<\/h4>\n<p><span style=\"font-weight: 400;\">Der kan forekomme tredjepartslinks p\u00e5 vores webside. Disse tredjepartslinks har deres egne privatlivspolitikker. Hvis du bes\u00f8ger disse tredjeparter, er du omfattet af deres privatlivspolitikker.<\/span><\/p>\n<p><span style=\"font-weight: 400;\">Version 01082021<\/span><\/p>\n<p>&nbsp;<\/p>\n<p>&nbsp;<\/p>\n\n            <\/div>\n\t\t<\/div>\n\t<\/div>\n<\/div>\n","protected":false},"excerpt":{"rendered":"","protected":false},"author":1,"featured_media":0,"parent":0,"menu_order":0,"comment_status":"closed","ping_status":"open","template":"","meta":{"_acf_changed":false,"footnotes":""},"class_list":["post-3","page","type-page","status-publish","hentry"],"acf":[],"yoast_head":"<!-- This site is optimized with the Yoast SEO plugin v27.2 - https:\/\/yoast.com\/product\/yoast-seo-wordpress\/ -->\n<title>Privatlivspolitik - ProSave<\/title>\n<meta name=\"robots\" content=\"noindex, follow, max-snippet:-1, max-image-preview:large, max-video-preview:-1\" \/>\n<meta property=\"og:locale\" content=\"en_US\" \/>\n<meta property=\"og:type\" content=\"article\" \/>\n<meta property=\"og:title\" content=\"Privatlivspolitik - ProSave\" \/>\n<meta property=\"og:url\" content=\"https:\/\/prosave.dk\/en\/privacy-policy\/\" \/>\n<meta property=\"og:site_name\" content=\"ProSave\" \/>\n<meta property=\"article:modified_time\" content=\"2021-11-19T08:35:58+00:00\" \/>\n<meta name=\"twitter:card\" content=\"summary_large_image\" \/>\n<script type=\"application\/ld+json\" class=\"yoast-schema-graph\">{\"@context\":\"https:\/\/schema.org\",\"@graph\":[{\"@type\":\"WebPage\",\"@id\":\"https:\/\/prosave.dk\/en\/privacy-policy\/\",\"url\":\"https:\/\/prosave.dk\/en\/privacy-policy\/\",\"name\":\"Privatlivspolitik - ProSave\",\"isPartOf\":{\"@id\":\"https:\/\/prosave.dk\/en\/#website\"},\"datePublished\":\"2021-06-09T10:21:55+00:00\",\"dateModified\":\"2021-11-19T08:35:58+00:00\",\"breadcrumb\":{\"@id\":\"https:\/\/prosave.dk\/en\/privacy-policy\/#breadcrumb\"},\"inLanguage\":\"en-US\",\"potentialAction\":[{\"@type\":\"ReadAction\",\"target\":[\"https:\/\/prosave.dk\/en\/privacy-policy\/\"]}]},{\"@type\":\"BreadcrumbList\",\"@id\":\"https:\/\/prosave.dk\/en\/privacy-policy\/#breadcrumb\",\"itemListElement\":[{\"@type\":\"ListItem\",\"position\":1,\"name\":\"Hjem\",\"item\":\"https:\/\/prosave.dk\/en\/\"},{\"@type\":\"ListItem\",\"position\":2,\"name\":\"Privatlivspolitik\"}]},{\"@type\":\"WebSite\",\"@id\":\"https:\/\/prosave.dk\/en\/#website\",\"url\":\"https:\/\/prosave.dk\/en\/\",\"name\":\"ProSave\",\"description\":\"K\u00f8b byggematerialer p\u00e5 tv\u00e6rs af grossister\",\"potentialAction\":[{\"@type\":\"SearchAction\",\"target\":{\"@type\":\"EntryPoint\",\"urlTemplate\":\"https:\/\/prosave.dk\/en\/?s={search_term_string}\"},\"query-input\":{\"@type\":\"PropertyValueSpecification\",\"valueRequired\":true,\"valueName\":\"search_term_string\"}}],\"inLanguage\":\"en-US\"}]}<\/script>\n<!-- \/ Yoast SEO plugin. -->","yoast_head_json":{"title":"Privatlivspolitik - ProSave","robots":{"index":"noindex","follow":"follow","max-snippet":"max-snippet:-1","max-image-preview":"max-image-preview:large","max-video-preview":"max-video-preview:-1"},"og_locale":"en_US","og_type":"article","og_title":"Privatlivspolitik - ProSave","og_url":"https:\/\/prosave.dk\/en\/privacy-policy\/","og_site_name":"ProSave","article_modified_time":"2021-11-19T08:35:58+00:00","twitter_card":"summary_large_image","schema":{"@context":"https:\/\/schema.org","@graph":[{"@type":"WebPage","@id":"https:\/\/prosave.dk\/en\/privacy-policy\/","url":"https:\/\/prosave.dk\/en\/privacy-policy\/","name":"Privatlivspolitik - ProSave","isPartOf":{"@id":"https:\/\/prosave.dk\/en\/#website"},"datePublished":"2021-06-09T10:21:55+00:00","dateModified":"2021-11-19T08:35:58+00:00","breadcrumb":{"@id":"https:\/\/prosave.dk\/en\/privacy-policy\/#breadcrumb"},"inLanguage":"en-US","potentialAction":[{"@type":"ReadAction","target":["https:\/\/prosave.dk\/en\/privacy-policy\/"]}]},{"@type":"BreadcrumbList","@id":"https:\/\/prosave.dk\/en\/privacy-policy\/#breadcrumb","itemListElement":[{"@type":"ListItem","position":1,"name":"Hjem","item":"https:\/\/prosave.dk\/en\/"},{"@type":"ListItem","position":2,"name":"Privatlivspolitik"}]},{"@type":"WebSite","@id":"https:\/\/prosave.dk\/en\/#website","url":"https:\/\/prosave.dk\/en\/","name":"ProSave","description":"K\u00f8b byggematerialer p\u00e5 tv\u00e6rs af grossister","potentialAction":[{"@type":"SearchAction","target":{"@type":"EntryPoint","urlTemplate":"https:\/\/prosave.dk\/en\/?s={search_term_string}"},"query-input":{"@type":"PropertyValueSpecification","valueRequired":true,"valueName":"search_term_string"}}],"inLanguage":"en-US"}]}},"_links":{"self":[{"href":"https:\/\/prosave.dk\/en\/wp-json\/wp\/v2\/pages\/3","targetHints":{"allow":["GET"]}}],"collection":[{"href":"https:\/\/prosave.dk\/en\/wp-json\/wp\/v2\/pages"}],"about":[{"href":"https:\/\/prosave.dk\/en\/wp-json\/wp\/v2\/types\/page"}],"author":[{"embeddable":true,"href":"https:\/\/prosave.dk\/en\/wp-json\/wp\/v2\/users\/1"}],"replies":[{"embeddable":true,"href":"https:\/\/prosave.dk\/en\/wp-json\/wp\/v2\/comments?post=3"}],"version-history":[{"count":21,"href":"https:\/\/prosave.dk\/en\/wp-json\/wp\/v2\/pages\/3\/revisions"}],"predecessor-version":[{"id":720,"href":"https:\/\/prosave.dk\/en\/wp-json\/wp\/v2\/pages\/3\/revisions\/720"}],"wp:attachment":[{"href":"https:\/\/prosave.dk\/en\/wp-json\/wp\/v2\/media?parent=3"}],"curies":[{"name":"wp","href":"https:\/\/api.w.org\/{rel}","templated":true}]}}