{"id":193,"date":"2021-06-10T13:22:37","date_gmt":"2021-06-10T11:22:37","guid":{"rendered":"http:\/\/prosave.dk\/?page_id=193"},"modified":"2021-07-30T12:18:12","modified_gmt":"2021-07-30T10:18:12","slug":"kontakt","status":"publish","type":"page","link":"https:\/\/prosave.dk\/en\/kontakt\/","title":{"rendered":"Kontakt"},"content":{"rendered":"\n<div class=\"block block--contact-form\">\n    <div class=\"contact-form\">\n\t\t<div class=\"grid\">\n\t\t\t<div class=\"col-xl-5 col-lg-6 offset-xl-1\">\n\t\t\t\t<div class=\"contact-form__details\">\n\t\t\t\t\t<span class=\"font--h3 contact-form__title\">Kontakt os<\/span>\n\t\t\t\t\t\t\t\t\t\t\t<div class=\"contact-form__item contact-form__info\">\n\t\t\t\t\t\t\t<i><svg width=\"35\" height=\"35\" viewBox=\"0 0 35 35\" fill=\"none\" xmlns=\"http:\/\/www.w3.org\/2000\/svg\">\n<path d=\"M19.125 1C15.644 1 12.3056 2.38281 9.84422 4.84422C7.38281 7.30564 6 10.644 6 14.125C6 14.5625 6 15 6.05469 15.3828V15.5469C7.14844 25.9375 19.125 33.8125 19.125 33.8125C19.125 33.8125 31.1016 25.8281 32.1406 15.6016V15.3828C32.1953 14.9453 32.1953 14.5625 32.1953 14.125C32.1953 10.6535 30.82 7.32335 28.3704 4.86351C25.9208 2.40366 22.5965 1.01446 19.125 1ZM19.125 20.6875C17.8271 20.6875 16.5583 20.3026 15.4791 19.5815C14.3999 18.8604 13.5587 17.8355 13.062 16.6364C12.5653 15.4372 12.4354 14.1177 12.6886 12.8447C12.9418 11.5717 13.5668 10.4024 14.4846 9.48461C15.4024 8.56683 16.5717 7.94181 17.8447 7.6886C19.1177 7.43538 20.4372 7.56534 21.6364 8.06204C22.8355 8.55874 23.8604 9.39987 24.5815 10.4791C25.3026 11.5583 25.6875 12.8271 25.6875 14.125C25.6875 15.8655 24.9961 17.5347 23.7654 18.7654C22.5347 19.9961 20.8655 20.6875 19.125 20.6875Z\" fill=\"#FF5F2A\"\/>\n<path opacity=\"0.2\" d=\"M7.75 15V14.8359C7.69531 14.3984 7.69531 14.0156 7.69531 13.5781C7.69617 10.9745 8.47138 8.42991 9.92236 6.26805C11.3733 4.10618 13.4345 2.42472 15.8438 1.4375C13.0298 2.16405 10.5366 3.80399 8.75512 6.10014C6.97362 8.3963 6.00459 11.2188 6 14.125C6 14.5625 6 15 6.05469 15.3828V15.5469C7.14844 25.9375 19.125 33.8125 19.125 33.8125L20.3281 32.9375C18.1406 31.4063 8.625 24.1875 7.75 15Z\" fill=\"#191916\"\/>\n<path opacity=\"0.25\" d=\"M12.5621 14.125C12.5586 13.2099 12.7466 12.3041 13.1139 11.4659C13.4812 10.6277 14.0197 9.87554 14.695 9.25781C13.8408 9.65738 13.0827 10.2364 12.4725 10.9553C11.8622 11.6742 11.4141 12.5163 11.1586 13.424C10.9031 14.3317 10.8462 15.2839 10.9918 16.2156C11.1375 17.1473 11.4822 18.0367 12.0025 18.8232C12.5229 19.6096 13.2066 20.2747 14.0072 20.7731C14.8077 21.2715 15.7063 21.5916 16.6416 21.7114C17.577 21.8312 18.5272 21.7481 19.4276 21.4676C20.3279 21.1871 21.1572 20.7158 21.859 20.0859C20.8596 20.544 19.7611 20.7437 18.6644 20.6666C17.5677 20.5895 16.508 20.2381 15.5825 19.6447C14.657 19.0513 13.8954 18.2349 13.3677 17.2704C12.8399 16.306 12.5629 15.2244 12.5621 14.125Z\" fill=\"white\"\/>\n<path d=\"M32.1953 15.3828C32.25 14.9453 32.25 14.5625 32.25 14.125C32.25 10.644 30.8672 7.30564 28.4058 4.84422C25.9444 2.38281 22.606 1 19.125 1C15.644 1 12.3056 2.38281 9.84422 4.84422C7.38281 7.30564 6 10.644 6 14.125C6 14.5625 6 15 6.05469 15.3828V15.5469C7.14844 25.9375 19.125 33.8125 19.125 33.8125C19.125 33.8125 31.1016 25.8281 32.1406 15.6016L32.1953 15.3828Z\" stroke=\"#191916\" stroke-width=\"2\" stroke-linecap=\"round\" stroke-linejoin=\"round\"\/>\n<path d=\"M19.125 20.6875C22.7494 20.6875 25.6875 17.7494 25.6875 14.125C25.6875 10.5006 22.7494 7.5625 19.125 7.5625C15.5006 7.5625 12.5625 10.5006 12.5625 14.125C12.5625 17.7494 15.5006 20.6875 19.125 20.6875Z\" stroke=\"#191916\" stroke-width=\"2\" stroke-linecap=\"round\" stroke-linejoin=\"round\"\/>\n<\/svg>\n<\/i>\n\t\t\t\t\t\t\t<div>\n\t\t\t\t\t\t\t\t<strong><span>ProSave ApS<\/span><\/strong>\n\t\t\t\t\t\t\t\t<span>Bryghuspladsen 8, 3.<\/span>\n\t\t\t\t\t\t\t\t<span>DK-1473 K\u00f8benhavn K<\/span>\n\t\t\t\t\t\t\t\t<span>CVR-nr. 35244921<\/span>\n\t\t\t\t\t\t\t<\/div>\n\t\t\t\t\t\t<\/div>\n\t\t\t\t\t\t\t\t\t\t\t\t\t\t\t\t<div class=\"contact-form__item\">\n\t\t\t\t\t\t\t<i><svg width=\"35\" height=\"35\" viewBox=\"0 0 35 35\" fill=\"none\" xmlns=\"http:\/\/www.w3.org\/2000\/svg\">\n<path d=\"M17.5 33.9062C26.5609 33.9062 33.9062 26.5609 33.9062 17.5C33.9062 8.43908 26.5609 1.09375 17.5 1.09375C8.43908 1.09375 1.09375 8.43908 1.09375 17.5C1.09375 26.5609 8.43908 33.9062 17.5 33.9062Z\" fill=\"#D8CFBF\"\/>\n<path opacity=\"0.15\" d=\"M22.9648 21.4725L17.4917 18.1311C17.4917 18.1027 17.5005 18.0764 17.5005 18.0469C17.5 17.8173 17.451 17.5905 17.3567 17.3812C17.2625 17.1719 17.1251 16.9848 16.9536 16.8323V7.10938C16.9536 6.81929 16.8384 6.5411 16.6332 6.33598C16.4281 6.13086 16.1499 6.01562 15.8598 6.01562C15.5698 6.01562 15.2916 6.13086 15.0864 6.33598C14.8813 6.5411 14.7661 6.81929 14.7661 7.10938V16.8323C14.5191 17.0519 14.3445 17.3413 14.2653 17.6622C14.1862 17.9831 14.2062 18.3205 14.3228 18.6298C14.4394 18.9391 14.647 19.2058 14.9183 19.3946C15.1896 19.5835 15.5118 19.6856 15.8423 19.6875L21.8793 23.3729C22.1309 23.5129 22.4276 23.5481 22.705 23.4707C22.9823 23.3933 23.218 23.2097 23.3609 22.9597C23.5037 22.7097 23.5422 22.4134 23.4679 22.1352C23.3937 21.8569 23.2127 21.6192 22.9643 21.4736L22.9648 21.4725Z\" fill=\"#191916\"\/>\n<path opacity=\"0.15\" d=\"M17.4996 1.09376C15.0837 1.09136 12.6972 1.62365 10.5113 2.65245C8.32543 3.68125 6.39429 5.18107 4.85645 7.0443C8.00317 4.44126 12.0076 3.10538 16.0869 3.29782C20.1662 3.49025 24.0271 5.19717 26.9148 8.08487C29.8025 10.9726 31.5094 14.8335 31.7018 18.9128C31.8943 22.9921 30.5584 26.9965 27.9554 30.1432C30.5577 27.9911 32.4326 25.0885 33.3242 21.8313C34.2157 18.5742 34.0804 15.1213 32.9368 11.9439C31.7931 8.76648 29.6969 6.01938 26.9341 4.07753C24.1713 2.13568 20.8766 1.09369 17.4996 1.09376Z\" fill=\"#191916\"\/>\n<path d=\"M17.5 19.1406C18.4061 19.1406 19.1406 18.4061 19.1406 17.5C19.1406 16.5939 18.4061 15.8594 17.5 15.8594C16.5939 15.8594 15.8594 16.5939 15.8594 17.5C15.8594 18.4061 16.5939 19.1406 17.5 19.1406Z\" fill=\"#191916\"\/>\n<path d=\"M17.5 33.9062C26.5609 33.9062 33.9062 26.5609 33.9062 17.5C33.9062 8.43908 26.5609 1.09375 17.5 1.09375C8.43908 1.09375 1.09375 8.43908 1.09375 17.5C1.09375 26.5609 8.43908 33.9062 17.5 33.9062Z\" stroke=\"#191916\" stroke-width=\"2\" stroke-miterlimit=\"10\" stroke-linecap=\"round\" stroke-linejoin=\"round\"\/>\n<path d=\"M18.5724 18.7365L25.1562 22.9688M17.5 5.46875V15.8594\" stroke=\"#FF5F2A\" stroke-width=\"2\" stroke-miterlimit=\"10\" stroke-linecap=\"round\" stroke-linejoin=\"round\"\/>\n<path d=\"M17.5 19.1406C18.4061 19.1406 19.1406 18.4061 19.1406 17.5C19.1406 16.5939 18.4061 15.8594 17.5 15.8594C16.5939 15.8594 15.8594 16.5939 15.8594 17.5C15.8594 18.4061 16.5939 19.1406 17.5 19.1406Z\" stroke=\"#191916\" stroke-width=\"2\" stroke-miterlimit=\"10\" stroke-linecap=\"round\" stroke-linejoin=\"round\"\/>\n<\/svg>\n<\/i>\n\t\t\t\t\t\t\t<div>\n\t\t\t\t\t\t\t\t<strong><span>Opening Hours<\/span><\/strong>\n\t\t\t\t\t\t\t\t\t\t\t\t\t\t\t\t\t<span>Man-tor: 08.00-16.00<\/span>\n\t\t\t\t\t\t\t\t\t\t\t\t\t\t\t\t\t<span>Fre: 08.00-14.00<\/span>\n\t\t\t\t\t\t\t\t\t\t\t\t\t\t\t\t\t<span>L\u00f8r-s\u00f8n: Lukket<\/span>\n\t\t\t\t\t\t\t\t\t\t\t\t\t\t\t<\/div>\n\t\t\t\t\t\t<\/div>\n\t\t\t\t\t\t\t\t\t\t\t\t\t\t\t\t<div class=\"contact-form__item\">\n\t\t\t\t\t\t\t<i><svg width=\"35\" height=\"35\" viewBox=\"0 0 35 35\" fill=\"none\" xmlns=\"http:\/\/www.w3.org\/2000\/svg\">\n<path d=\"M21.875 31.7188C21.875 31.1386 21.6445 30.5822 21.2343 30.172C20.8241 29.7617 20.2677 29.5312 19.6875 29.5312H17.5C16.9198 29.5312 16.3634 29.7617 15.9532 30.172C15.543 30.5822 15.3125 31.1386 15.3125 31.7188C15.3125 32.2989 15.543 32.8553 15.9532 33.2655C16.3634 33.6758 16.9198 33.9062 17.5 33.9062H19.6875C20.2677 33.9062 20.8241 33.6758 21.2343 33.2655C21.6445 32.8553 21.875 32.2989 21.875 31.7188Z\" fill=\"#828282\"\/>\n<path opacity=\"0.14\" d=\"M20.2338 32.2656H18.0463C17.4935 32.2672 16.9606 32.0594 16.5548 31.684C16.1489 31.3086 15.9003 30.7935 15.8588 30.2422C15.5708 30.557 15.3811 30.9491 15.3131 31.3703C15.2451 31.7915 15.3018 32.2235 15.4762 32.6129C15.6505 33.0023 15.935 33.3322 16.2945 33.562C16.654 33.7918 17.0728 33.9115 17.4995 33.9062H19.687C20.2671 33.9062 20.8235 33.6758 21.2338 33.2655C21.644 32.8553 21.8745 32.2989 21.8745 31.7188V31.5547C21.6665 31.7821 21.4128 31.9629 21.1301 32.0854C20.8474 32.208 20.5419 32.2694 20.2338 32.2656Z\" fill=\"#191916\"\/>\n<path d=\"M8.75 24.0625H4.15625C3.6341 24.0625 3.13335 23.8551 2.76413 23.4859C2.39492 23.1167 2.1875 22.6159 2.1875 22.0938V16.1875C2.1875 15.6654 2.39492 15.1646 2.76413 14.7954C3.13335 14.4262 3.6341 14.2188 4.15625 14.2188H8.75V24.0625ZM26.25 24.0625H30.8438C31.3659 24.0625 31.8667 23.8551 32.2359 23.4859C32.6051 23.1167 32.8125 22.6159 32.8125 22.0938V16.1875C32.8125 15.6654 32.6051 15.1646 32.2359 14.7954C31.8667 14.4262 31.3659 14.2188 30.8438 14.2188H26.25V24.0625Z\" fill=\"#FF5F2A\"\/>\n<path opacity=\"0.14\" d=\"M2.1875 18.8125V22.0938C2.1875 22.6159 2.39492 23.1167 2.76413 23.4859C3.13335 23.8551 3.6341 24.0625 4.15625 24.0625H8.75V20.7812H4.15625C3.6341 20.7812 3.13335 20.5738 2.76413 20.2046C2.39492 19.8354 2.1875 19.3346 2.1875 18.8125ZM30.8438 20.7812H26.25V24.0625H30.8438C31.3659 24.0625 31.8667 23.8551 32.2359 23.4859C32.6051 23.1167 32.8125 22.6159 32.8125 22.0938V18.8125C32.8125 19.3346 32.6051 19.8354 32.2359 20.2046C31.8667 20.5738 31.3659 20.7812 30.8438 20.7812Z\" fill=\"#191916\"\/>\n<path d=\"M6.5625 14.2188V12.0312C6.5625 6.01562 10.9375 1.09375 16.9531 1.09375H18.0469C24.0625 1.09375 28.4375 6.01562 28.4375 12.0312V14.2188M21.875 31.7188C21.875 31.1386 21.6445 30.5822 21.2343 30.172C20.8241 29.7617 20.2677 29.5312 19.6875 29.5312H17.5C16.9198 29.5312 16.3634 29.7617 15.9532 30.172C15.543 30.5822 15.3125 31.1386 15.3125 31.7188C15.3125 32.2989 15.543 32.8553 15.9532 33.2655C16.3634 33.6758 16.9198 33.9062 17.5 33.9062H19.6875C20.2677 33.9062 20.8241 33.6758 21.2343 33.2655C21.6445 32.8553 21.875 32.2989 21.875 31.7188ZM21.875 31.7188C21.875 31.7188 28.4375 31.7188 28.4375 24.0625M8.75 24.0625H4.15625C3.6341 24.0625 3.13335 23.8551 2.76413 23.4859C2.39492 23.1167 2.1875 22.6159 2.1875 22.0938V16.1875C2.1875 15.6654 2.39492 15.1646 2.76413 14.7954C3.13335 14.4262 3.6341 14.2187 4.15625 14.2188H8.75V24.0625ZM26.25 24.0625H30.8438C31.3659 24.0625 31.8667 23.8551 32.2359 23.4859C32.6051 23.1167 32.8125 22.6159 32.8125 22.0938V16.1875C32.8125 15.6654 32.6051 15.1646 32.2359 14.7954C31.8667 14.4262 31.3659 14.2187 30.8438 14.2188H26.25V24.0625Z\" stroke=\"#191916\" stroke-width=\"2\" stroke-miterlimit=\"10\" stroke-linecap=\"round\" stroke-linejoin=\"round\"\/>\n<\/svg>\n<\/i>\n\t\t\t\t\t\t\t<div>\n\t\t\t\t\t\t\t\t<a href=\"tel:+4541150150\">+45 41 150 150<\/a>\n\t\t\t\t\t\t\t\t<a href=\"mailto:support@prosave.dk\">support@prosave.dk<\/a>\n\t\t\t\t\t\t\t<\/div>\n\t\t\t\t\t\t<\/div>\n\t\t\t\t\t\t\t\t\t<\/div>\n\t\t\t<\/div>\n\t\t\t<div class=\"col-lg-5\">\n\t\t\t\t<div class=\"contact-form__container\">\n\t\t\t\t\t<div class=\"contact-form__content\">\n\t\t\t\t\t\t<h2>Skriv bare til os&#8230;<\/h2>\n<p>\u00d8nsker du at bestille vores lagermodul? Har du andre sp\u00f8rgsm\u00e5l eller forbedringsforslag. Udfyld herunder, og klik p\u00e5 send!<\/p>\n\n\t\t\t\t\t<\/div>\n\n\t\t\t\t\t<div class=\"form-wrapper\">\n\t\t\t\t\t\t<form class=\"contact-form__form\">\n\t\t\t\t\t\t\t<input type=\"hidden\" name=\"signup\" value=\"Ans\u00f8gning om kundelogin\">\n\t\t\t\t\t\t\t<div class=\"form__group\">\n\t\t\t\t\t\t\t\t<div class=\"field\">\n\t\t\t\t\t\t\t\t\t<label>\n\t\t\t\t\t\t\t\t\t\t<input type=\"text\" name=\"name\" placeholder=\" \" required>\n\t\t\t\t\t\t\t\t\t\t<span class=\"label\">Name<\/span>\n\t\t\t\t\t\t\t\t\t<\/label>\n\t\t\t\t\t\t\t\t<\/div>\n\t\t\t\t\t\t\t<\/div>\n\t\t\t\t\t\t\t<div class=\"form__group\">\n\t\t\t\t\t\t\t\t<div class=\"field\">\n\t\t\t\t\t\t\t\t\t<label>\n\t\t\t\t\t\t\t\t\t\t<input type=\"text\" name=\"company\" placeholder=\" \">\n\t\t\t\t\t\t\t\t\t\t<span class=\"label\">Company<\/span>\n\t\t\t\t\t\t\t\t\t<\/label>\n\t\t\t\t\t\t\t\t<\/div>\n\t\t\t\t\t\t\t<\/div>\n\t\t\t\t\t\t\t<div class=\"form__group\">\n\t\t\t\t\t\t\t\t<div class=\"field\">\n\t\t\t\t\t\t\t\t\t<label>\n\t\t\t\t\t\t\t\t\t\t<input type=\"tel\" name=\"phone\" placeholder=\" \">\n\t\t\t\t\t\t\t\t\t\t<span class=\"label\">Phone<\/span>\n\t\t\t\t\t\t\t\t\t<\/label>\n\t\t\t\t\t\t\t\t<\/div>\n\t\t\t\t\t\t\t<\/div>\n\t\t\t\t\t\t\t<div class=\"form__group\">\n\t\t\t\t\t\t\t\t<div class=\"field\">\n\t\t\t\t\t\t\t\t\t<label>\n\t\t\t\t\t\t\t\t\t\t<input type=\"email\" name=\"email\" placeholder=\" \" required>\n\t\t\t\t\t\t\t\t\t\t<span class=\"label\">Email<\/span>\n\t\t\t\t\t\t\t\t\t<\/label>\n\t\t\t\t\t\t\t\t<\/div>\n\t\t\t\t\t\t\t<\/div>\n\t\t\t\t\t\t\t<div class=\"form__group\">\n\t\t\t\t\t\t\t\t<div class=\"field\">\n\t\t\t\t\t\t\t\t\t<label>\n\t\t\t\t\t\t\t\t\t\t<textarea name=\"message\" rows=\"10\" placeholder=\" \" required><\/textarea>\n\t\t\t\t\t\t\t\t\t\t<span class=\"label\">Message<\/span>\n\t\t\t\t\t\t\t\t\t<\/label>\n\t\t\t\t\t\t\t\t<\/div>\n\t\t\t\t\t\t\t<\/div>\n\n\t\t\t\t\t\t\t<button type=\"submit\" class=\"btn btn--primary contact-form__submit\">Send mail <i><svg width=\"19\" height=\"9\" viewBox=\"0 0 19 9\" fill=\"none\" xmlns=\"http:\/\/www.w3.org\/2000\/svg\">\n<path d=\"M18.3536 4.85355C18.5488 4.65829 18.5488 4.34171 18.3536 4.14645L15.1716 0.964466C14.9763 0.769204 14.6597 0.769204 14.4645 0.964466C14.2692 1.15973 14.2692 1.47631 14.4645 1.67157L17.2929 4.5L14.4645 7.32843C14.2692 7.52369 14.2692 7.84027 14.4645 8.03553C14.6597 8.2308 14.9763 8.2308 15.1716 8.03553L18.3536 4.85355ZM0 5H18V4H0V5Z\" fill=\"#191916\"\/>\n<\/svg>\n<\/i><\/button>\n\t\t\t\t\t\t<\/form>\n\t\t\t\t\t<\/div>\n\t\t\t\t<\/div>\n\t\t\t<\/div>\n\t\t<\/div>\n\t<\/div>\n<\/div>\n","protected":false},"excerpt":{"rendered":"","protected":false},"author":1,"featured_media":0,"parent":0,"menu_order":0,"comment_status":"closed","ping_status":"closed","template":"","meta":{"_acf_changed":false,"footnotes":""},"class_list":["post-193","page","type-page","status-publish","hentry"],"acf":[],"yoast_head":"<!-- This site is optimized with the Yoast SEO plugin v27.2 - https:\/\/yoast.com\/product\/yoast-seo-wordpress\/ -->\n<title>Kontakt - ProSave<\/title>\n<meta name=\"robots\" content=\"noindex, follow, max-snippet:-1, max-image-preview:large, max-video-preview:-1\" \/>\n<meta property=\"og:locale\" content=\"en_US\" \/>\n<meta property=\"og:type\" content=\"article\" \/>\n<meta property=\"og:title\" content=\"Kontakt - ProSave\" \/>\n<meta property=\"og:url\" content=\"https:\/\/prosave.dk\/en\/kontakt\/\" \/>\n<meta property=\"og:site_name\" content=\"ProSave\" \/>\n<meta property=\"article:modified_time\" content=\"2021-07-30T10:18:12+00:00\" \/>\n<meta name=\"twitter:card\" content=\"summary_large_image\" \/>\n<script type=\"application\/ld+json\" class=\"yoast-schema-graph\">{\"@context\":\"https:\/\/schema.org\",\"@graph\":[{\"@type\":\"WebPage\",\"@id\":\"https:\/\/prosave.dk\/en\/kontakt\/\",\"url\":\"https:\/\/prosave.dk\/en\/kontakt\/\",\"name\":\"Kontakt - ProSave\",\"isPartOf\":{\"@id\":\"https:\/\/prosave.dk\/en\/#website\"},\"datePublished\":\"2021-06-10T11:22:37+00:00\",\"dateModified\":\"2021-07-30T10:18:12+00:00\",\"breadcrumb\":{\"@id\":\"https:\/\/prosave.dk\/en\/kontakt\/#breadcrumb\"},\"inLanguage\":\"en-US\",\"potentialAction\":[{\"@type\":\"ReadAction\",\"target\":[\"https:\/\/prosave.dk\/en\/kontakt\/\"]}]},{\"@type\":\"BreadcrumbList\",\"@id\":\"https:\/\/prosave.dk\/en\/kontakt\/#breadcrumb\",\"itemListElement\":[{\"@type\":\"ListItem\",\"position\":1,\"name\":\"Hjem\",\"item\":\"https:\/\/prosave.dk\/en\/\"},{\"@type\":\"ListItem\",\"position\":2,\"name\":\"Kontakt\"}]},{\"@type\":\"WebSite\",\"@id\":\"https:\/\/prosave.dk\/en\/#website\",\"url\":\"https:\/\/prosave.dk\/en\/\",\"name\":\"ProSave\",\"description\":\"K\u00f8b byggematerialer p\u00e5 tv\u00e6rs af grossister\",\"potentialAction\":[{\"@type\":\"SearchAction\",\"target\":{\"@type\":\"EntryPoint\",\"urlTemplate\":\"https:\/\/prosave.dk\/en\/?s={search_term_string}\"},\"query-input\":{\"@type\":\"PropertyValueSpecification\",\"valueRequired\":true,\"valueName\":\"search_term_string\"}}],\"inLanguage\":\"en-US\"}]}<\/script>\n<!-- \/ Yoast SEO plugin. -->","yoast_head_json":{"title":"Kontakt - ProSave","robots":{"index":"noindex","follow":"follow","max-snippet":"max-snippet:-1","max-image-preview":"max-image-preview:large","max-video-preview":"max-video-preview:-1"},"og_locale":"en_US","og_type":"article","og_title":"Kontakt - ProSave","og_url":"https:\/\/prosave.dk\/en\/kontakt\/","og_site_name":"ProSave","article_modified_time":"2021-07-30T10:18:12+00:00","twitter_card":"summary_large_image","schema":{"@context":"https:\/\/schema.org","@graph":[{"@type":"WebPage","@id":"https:\/\/prosave.dk\/en\/kontakt\/","url":"https:\/\/prosave.dk\/en\/kontakt\/","name":"Kontakt - ProSave","isPartOf":{"@id":"https:\/\/prosave.dk\/en\/#website"},"datePublished":"2021-06-10T11:22:37+00:00","dateModified":"2021-07-30T10:18:12+00:00","breadcrumb":{"@id":"https:\/\/prosave.dk\/en\/kontakt\/#breadcrumb"},"inLanguage":"en-US","potentialAction":[{"@type":"ReadAction","target":["https:\/\/prosave.dk\/en\/kontakt\/"]}]},{"@type":"BreadcrumbList","@id":"https:\/\/prosave.dk\/en\/kontakt\/#breadcrumb","itemListElement":[{"@type":"ListItem","position":1,"name":"Hjem","item":"https:\/\/prosave.dk\/en\/"},{"@type":"ListItem","position":2,"name":"Kontakt"}]},{"@type":"WebSite","@id":"https:\/\/prosave.dk\/en\/#website","url":"https:\/\/prosave.dk\/en\/","name":"ProSave","description":"K\u00f8b byggematerialer p\u00e5 tv\u00e6rs af grossister","potentialAction":[{"@type":"SearchAction","target":{"@type":"EntryPoint","urlTemplate":"https:\/\/prosave.dk\/en\/?s={search_term_string}"},"query-input":{"@type":"PropertyValueSpecification","valueRequired":true,"valueName":"search_term_string"}}],"inLanguage":"en-US"}]}},"_links":{"self":[{"href":"https:\/\/prosave.dk\/en\/wp-json\/wp\/v2\/pages\/193","targetHints":{"allow":["GET"]}}],"collection":[{"href":"https:\/\/prosave.dk\/en\/wp-json\/wp\/v2\/pages"}],"about":[{"href":"https:\/\/prosave.dk\/en\/wp-json\/wp\/v2\/types\/page"}],"author":[{"embeddable":true,"href":"https:\/\/prosave.dk\/en\/wp-json\/wp\/v2\/users\/1"}],"replies":[{"embeddable":true,"href":"https:\/\/prosave.dk\/en\/wp-json\/wp\/v2\/comments?post=193"}],"version-history":[{"count":8,"href":"https:\/\/prosave.dk\/en\/wp-json\/wp\/v2\/pages\/193\/revisions"}],"predecessor-version":[{"id":725,"href":"https:\/\/prosave.dk\/en\/wp-json\/wp\/v2\/pages\/193\/revisions\/725"}],"wp:attachment":[{"href":"https:\/\/prosave.dk\/en\/wp-json\/wp\/v2\/media?parent=193"}],"curies":[{"name":"wp","href":"https:\/\/api.w.org\/{rel}","templated":true}]}}