{"id":191,"date":"2021-06-10T13:22:13","date_gmt":"2021-06-10T11:22:13","guid":{"rendered":"http:\/\/prosave.dk\/?page_id=191"},"modified":"2021-08-05T12:32:22","modified_gmt":"2021-08-05T10:32:22","slug":"cookies","status":"publish","type":"page","link":"https:\/\/prosave.dk\/en\/cookies\/","title":{"rendered":"Cookie- og trackingpolitik"},"content":{"rendered":"\n<div class=\"block block--paragraph\">\n    <div class=\"paragraph\">\n\t\t<div class=\"grid\">\n\t\t\t<div class=\"col-md-6 offset-md-3\">\n\t\t\t\t<p>&nbsp;<\/p>\n<h1>Cookie- og trackingpolitik<\/h1>\n<p>ProSave respekterer dit privatliv og er forpligtet til at opretholde dine rettigheder til retsm\u00e6ssig behandling og beskyttelse af personlige data. Vores Cookie- og trackingpolitik giver dig en n\u00f8je forklaring p\u00e5, hvordan cookies og andre tracking-teknologier benyttes p\u00e5 vores hjemmeside, produkter og services.<\/p>\n<p>&nbsp;<\/p>\n<h4>Hvad er en cookie?<\/h4>\n<p><span style=\"font-weight: 400;\">En cookie er en lille fil der hentes og gemmes p\u00e5 din enhed, n\u00e5r du bes\u00f8ger en hjemmeside. Den indeholder oplysninger om den specifikke bes\u00f8gende og hjemmesiden. Cookies bruges af mange hjemmesider og kan benyttes til flere form\u00e5l, for eksempel til at huske dine pr\u00e6ferencer, at muligg\u00f8re online indk\u00f8b og til statistiske form\u00e5l.<\/span><\/p>\n<p>&nbsp;<\/p>\n<h4>Hvordan benytter I cookies?<\/h4>\n<p><span style=\"font-weight: 400;\">Vi og vores partnere benytter cookies og lignende teknologier til at analysere adf\u00e6rd, administrere hjemmesiden, tracke brugernes f\u00e6rden p\u00e5 hjemmesiden og til at indsamle demografiske oplysninger om vores brugere som helhed. Cookies er stykker af oplysninger, som hjemmesiden sender til webbrowseren. Webbrowseren gemmer disse oplysninger i en fil p\u00e5 din enhed. Cookies g\u00f8r det muligt for bes\u00f8gende at navigere p\u00e5 websiden og (hvor det m\u00e5tte v\u00e6re relevant) lader os tilpasse websiden og dens indhold til de bes\u00f8gendes behov og forbedre resultaterne af brugernes adf\u00e6rd. Hvis cookie-funktionen ikke er aktiveret, kan vi ikke sikre, at websiden fungerer korrekt, og at betjeningen deraf fungerer som p\u00e5t\u00e6nkt.<\/span><\/p>\n<p><span style=\"font-weight: 400;\">De cookies, som vi bruger p\u00e5 vores webside, oplagrer ikke data, der kan identificere dig. Indhentede data vil ikke blive overf\u00f8rt til tredjeparter, udover som beskrevet i vores<\/span> <span style=\"font-weight: 400;\">privatlivspolitik. Ingen personlige oplysninger, som kan identificere dig, vil blive delt. Cookies p\u00e5 denne hjemmeside, benyttes til f\u00f8lgende:<\/span><\/p>\n<ul>\n<li style=\"font-weight: 400;\" aria-level=\"1\"><span style=\"font-weight: 400;\">Vi benytter cookies for at erfare, hvordan brugeren kommer til vores hjemmeside og for at unders\u00f8ge hvordan de bruger hjemmesiden \u2013 det hj\u00e6lper os med at forbedre kvaliteten af de services, vi leverer til dig. Vi benytter for eksempel Google Analytics \u2013 en popul\u00e6r, webbaseret funktionsanalysetjeneste fra Google. Google Analytics benytter cookies for at hj\u00e6lpe os med at analysere relevansen af indhold p\u00e5 vores hjemmeside. Flere oplysninger om brug af cookies kan findes p\u00e5\u00a0<\/span><a href=\"https:\/\/www.google.com\/policies\/privacy\/\"><span style=\"font-weight: 400;\">Googles privatlivspolitik<\/span><\/a><span style=\"font-weight: 400;\">.<\/span><\/li>\n<li style=\"font-weight: 400;\" aria-level=\"1\"><span style=\"font-weight: 400;\">Vi benytter cookies til overv\u00e5gning og administration af hjemmeside datastr\u00f8mmen<\/span><\/li>\n<li style=\"font-weight: 400;\" aria-level=\"1\"><span style=\"font-weight: 400;\">Vi benytter ogs\u00e5 cookies til at fastsl\u00e5 graden af succes for vores reklamekampagner og tiltag. Det hj\u00e6lper os til at forbedre hjemmesidens design og struktur samt udbuddet af tilbud og tiltag.<\/span><\/li>\n<\/ul>\n<p><span style=\"font-weight: 400;\">Vi benytter to typer af cookies p\u00e5 vores hjemmeside:<\/span><\/p>\n<ul>\n<li style=\"font-weight: 400;\" aria-level=\"1\"><span style=\"font-weight: 400;\">Session cookies (midlertidige cookies). Disse er midlertidige cookies, der kun er aktive p\u00e5 det tidspunkt, hvor brugeren tilg\u00e5r hjemmesiden (eller mere pr\u00e6cist, indtil brugeren forlader hjemmesiden og lukker browseren). Session cookies hj\u00e6lper vores hjemmeside med at huske de trin, som den bes\u00f8gende foretog p\u00e5 den tidligere side, og fjerner dermed behovet for at genindtaste oplysningerne.<\/span><\/li>\n<li style=\"font-weight: 400;\" aria-level=\"1\"><span style=\"font-weight: 400;\">Persistent cookies (vedvarende cookies). Persistent cookies bliver p\u00e5 den bes\u00f8gendes enhed efter bes\u00f8g p\u00e5 vores hjemmeside. Disse cookies hj\u00e6lper os med at identificere brugeren som unik bes\u00f8gende (oplysningerne lagres som et tilf\u00e6ldigt genereret nummer). Hvor l\u00e6nge cookien bliver p\u00e5 brugerens computer afh\u00e6nger af cookietypen.<\/span><\/li>\n<\/ul>\n<p>&nbsp;<\/p>\n<h4>Samtykke til brug af cookies<\/h4>\n<p><span style=\"font-weight: 400;\">Inden du begynder brugen af vores hjemmeside, skal vi have dit samtykke til brugen af cookies. Vores hjemmeside har derfor et popop-vindue, som informerer dig om brugen af cookies, du bedes acceptere brugen af cookies ved at klikke p\u00e5 \u201cAccepter alle\u201d. Hvis du ikke accepterer brugen af cookies, men forts\u00e6tter med at bruge hjemmesiden, vurderes det som v\u00e6rende dit samtykke til brugen af cookies.<\/span><\/p>\n<p>&nbsp;<\/p>\n<h4>Kontrol og sletning af cookies<\/h4>\n<p><span style=\"font-weight: 400;\">Vi benytter ikke cookies med det form\u00e5l at indhente personlige oplysninger om brugere, dog kan visse af de oplysninger, vi indhenter, kategoriseres som personlige oplysninger. Hvis du \u00f8nsker at begr\u00e6nse cookies eller blokere dem p\u00e5 vores hjemmeside eller andre hjemmesider, kan du \u00e6ndre indstillingerne i din webbrowser. For eksempel kan du blokere alle cookies, kun acceptere first-party cookies eller slette alle cookies, n\u00e5r du lukker din webbrowser. Brug browserens funktion \u201chj\u00e6lp\u201d for at f\u00e5 mere at vide om denne mulighed. Hvis du benytter en mobil enhed, kan du se mere om denne mulighed i enhedens brugervejledning. Bem\u00e6rk venligst, at visse af vores services ikke vil fungere optimalt, s\u00e5fremt du blokerer eller sletter cookies.<\/span><\/p>\n<p>&nbsp;<\/p>\n<h4>Tracking<\/h4>\n<p><span style=\"font-weight: 400;\">Vi indsamler visse oplysninger automatisk for at analysere samlede tendenser og administrere vores hjemmeside, produkter og services.<\/span><\/p>\n<p><span style=\"font-weight: 400;\">Mens vi holder \u00f8je med de hjemmesider, som vores brugere bes\u00f8ger inden for en specifik side, besk\u00e6ftiger vi os ikke med indhentning af personlige oplysninger om dine online aktiviteter over tid og over tredjepartshjemmesider eller online tjenester. Derfor behandler og efterkommer vi i \u00f8jeblikket ikke nogen webbrowseres \u201cdo not track\u201d-signal eller andre mekanismer, der giver forbrugerne mulighed for at foretage valg vedr\u00f8rende indhentningen af personligt identificerbare oplysninger om dine online aktiviteter over tid og over tredjepartswebsider. Endvidere har vi ikke givet tredjepart tilladelse til at indhente personligt identificerbare oplysninger om dine online aktiviteter over tid og over tredjepartshjemmesider, n\u00e5r du bruger vores hjemmeside.<\/span><\/p>\n<p><span style=\"font-weight: 400;\">Vi samarbejder med tredjepart til visning af markedsf\u00f8ring p\u00e5 vores hjemmeside og til administration af vores markedsf\u00f8ring p\u00e5 andre sider. Vores tredjepartspartner kan benytte cookies eller lignende teknologi for at kunne m\u00e5lrette markedsf\u00f8ring ud fra dine browsing-aktiviteter og interesser. Hvis du \u00f8nsker at frav\u00e6lge interessebaseret reklame, skal du\u00a0<\/span><a href=\"https:\/\/www.youronlinechoices.eu\/\"><span style=\"font-weight: 400;\">klikke her<\/span><\/a><span style=\"font-weight: 400;\">. Bem\u00e6rk venligst, at du vil forts\u00e6tte med at modtage generiske annoncer.<\/span><\/p>\n<p>&nbsp;<\/p>\n<h4>Hvilke \u00e6ndringer har I foretaget?<\/h4>\n<p><span style=\"font-weight: 400;\">Vi gennemser og opdaterer denne politik fra tid til anden. Datoen for den seneste opdatering vil fremg\u00e5 i n\u00e6rv\u00e6rende politik. S\u00e5fremt vi har \u00e6ndret politikken signifikant, vil s\u00e5danne \u00e6ndringer fremh\u00e6ves og fors\u00f8ge at give dig besked herom, n\u00e5r det er muligt. Endvidere kan du til enhver tid se tidligere versioner af denne politik i vores\u00a0<\/span><a href=\"https:\/\/www.prosave.dk\/arkiv\"><span style=\"font-weight: 400;\">arkiv<\/span><\/a><span style=\"font-weight: 400;\">. Dette er den f\u00f8rste version af vores cookie- og trackingpolitik. Denne politik blev offentliggjort 1\/8\/2021.<\/span><\/p>\n<p><span style=\"font-weight: 400;\">Version 01082021<\/span><\/p>\n<p>&nbsp;<\/p>\n<p>&nbsp;<\/p>\n\n            <\/div>\n\t\t<\/div>\n\t<\/div>\n<\/div>\n","protected":false},"excerpt":{"rendered":"","protected":false},"author":1,"featured_media":0,"parent":0,"menu_order":0,"comment_status":"closed","ping_status":"closed","template":"","meta":{"_acf_changed":false,"footnotes":""},"class_list":["post-191","page","type-page","status-publish","hentry"],"acf":[],"yoast_head":"<!-- This site is optimized with the Yoast SEO plugin v27.2 - https:\/\/yoast.com\/product\/yoast-seo-wordpress\/ -->\n<title>Cookie- og trackingpolitik - ProSave<\/title>\n<meta name=\"robots\" content=\"noindex, follow, max-snippet:-1, max-image-preview:large, max-video-preview:-1\" \/>\n<meta property=\"og:locale\" content=\"en_US\" \/>\n<meta property=\"og:type\" content=\"article\" \/>\n<meta property=\"og:title\" content=\"Cookie- og trackingpolitik - ProSave\" \/>\n<meta property=\"og:url\" content=\"https:\/\/prosave.dk\/en\/cookies\/\" \/>\n<meta property=\"og:site_name\" content=\"ProSave\" \/>\n<meta property=\"article:modified_time\" content=\"2021-08-05T10:32:22+00:00\" \/>\n<meta name=\"twitter:card\" content=\"summary_large_image\" \/>\n<script type=\"application\/ld+json\" class=\"yoast-schema-graph\">{\"@context\":\"https:\/\/schema.org\",\"@graph\":[{\"@type\":\"WebPage\",\"@id\":\"https:\/\/prosave.dk\/en\/cookies\/\",\"url\":\"https:\/\/prosave.dk\/en\/cookies\/\",\"name\":\"Cookie- og trackingpolitik - ProSave\",\"isPartOf\":{\"@id\":\"https:\/\/prosave.dk\/en\/#website\"},\"datePublished\":\"2021-06-10T11:22:13+00:00\",\"dateModified\":\"2021-08-05T10:32:22+00:00\",\"breadcrumb\":{\"@id\":\"https:\/\/prosave.dk\/en\/cookies\/#breadcrumb\"},\"inLanguage\":\"en-US\",\"potentialAction\":[{\"@type\":\"ReadAction\",\"target\":[\"https:\/\/prosave.dk\/en\/cookies\/\"]}]},{\"@type\":\"BreadcrumbList\",\"@id\":\"https:\/\/prosave.dk\/en\/cookies\/#breadcrumb\",\"itemListElement\":[{\"@type\":\"ListItem\",\"position\":1,\"name\":\"Hjem\",\"item\":\"https:\/\/prosave.dk\/en\/\"},{\"@type\":\"ListItem\",\"position\":2,\"name\":\"Cookie- og trackingpolitik\"}]},{\"@type\":\"WebSite\",\"@id\":\"https:\/\/prosave.dk\/en\/#website\",\"url\":\"https:\/\/prosave.dk\/en\/\",\"name\":\"ProSave\",\"description\":\"K\u00f8b byggematerialer p\u00e5 tv\u00e6rs af grossister\",\"potentialAction\":[{\"@type\":\"SearchAction\",\"target\":{\"@type\":\"EntryPoint\",\"urlTemplate\":\"https:\/\/prosave.dk\/en\/?s={search_term_string}\"},\"query-input\":{\"@type\":\"PropertyValueSpecification\",\"valueRequired\":true,\"valueName\":\"search_term_string\"}}],\"inLanguage\":\"en-US\"}]}<\/script>\n<!-- \/ Yoast SEO plugin. -->","yoast_head_json":{"title":"Cookie- og trackingpolitik - ProSave","robots":{"index":"noindex","follow":"follow","max-snippet":"max-snippet:-1","max-image-preview":"max-image-preview:large","max-video-preview":"max-video-preview:-1"},"og_locale":"en_US","og_type":"article","og_title":"Cookie- og trackingpolitik - ProSave","og_url":"https:\/\/prosave.dk\/en\/cookies\/","og_site_name":"ProSave","article_modified_time":"2021-08-05T10:32:22+00:00","twitter_card":"summary_large_image","schema":{"@context":"https:\/\/schema.org","@graph":[{"@type":"WebPage","@id":"https:\/\/prosave.dk\/en\/cookies\/","url":"https:\/\/prosave.dk\/en\/cookies\/","name":"Cookie- og trackingpolitik - ProSave","isPartOf":{"@id":"https:\/\/prosave.dk\/en\/#website"},"datePublished":"2021-06-10T11:22:13+00:00","dateModified":"2021-08-05T10:32:22+00:00","breadcrumb":{"@id":"https:\/\/prosave.dk\/en\/cookies\/#breadcrumb"},"inLanguage":"en-US","potentialAction":[{"@type":"ReadAction","target":["https:\/\/prosave.dk\/en\/cookies\/"]}]},{"@type":"BreadcrumbList","@id":"https:\/\/prosave.dk\/en\/cookies\/#breadcrumb","itemListElement":[{"@type":"ListItem","position":1,"name":"Hjem","item":"https:\/\/prosave.dk\/en\/"},{"@type":"ListItem","position":2,"name":"Cookie- og trackingpolitik"}]},{"@type":"WebSite","@id":"https:\/\/prosave.dk\/en\/#website","url":"https:\/\/prosave.dk\/en\/","name":"ProSave","description":"K\u00f8b byggematerialer p\u00e5 tv\u00e6rs af grossister","potentialAction":[{"@type":"SearchAction","target":{"@type":"EntryPoint","urlTemplate":"https:\/\/prosave.dk\/en\/?s={search_term_string}"},"query-input":{"@type":"PropertyValueSpecification","valueRequired":true,"valueName":"search_term_string"}}],"inLanguage":"en-US"}]}},"_links":{"self":[{"href":"https:\/\/prosave.dk\/en\/wp-json\/wp\/v2\/pages\/191","targetHints":{"allow":["GET"]}}],"collection":[{"href":"https:\/\/prosave.dk\/en\/wp-json\/wp\/v2\/pages"}],"about":[{"href":"https:\/\/prosave.dk\/en\/wp-json\/wp\/v2\/types\/page"}],"author":[{"embeddable":true,"href":"https:\/\/prosave.dk\/en\/wp-json\/wp\/v2\/users\/1"}],"replies":[{"embeddable":true,"href":"https:\/\/prosave.dk\/en\/wp-json\/wp\/v2\/comments?post=191"}],"version-history":[{"count":28,"href":"https:\/\/prosave.dk\/en\/wp-json\/wp\/v2\/pages\/191\/revisions"}],"predecessor-version":[{"id":639,"href":"https:\/\/prosave.dk\/en\/wp-json\/wp\/v2\/pages\/191\/revisions\/639"}],"wp:attachment":[{"href":"https:\/\/prosave.dk\/en\/wp-json\/wp\/v2\/media?parent=191"}],"curies":[{"name":"wp","href":"https:\/\/api.w.org\/{rel}","templated":true}]}}