{"id":188,"date":"2021-06-10T13:21:50","date_gmt":"2021-06-10T11:21:50","guid":{"rendered":"http:\/\/prosave.dk\/?page_id=188"},"modified":"2021-08-31T14:57:09","modified_gmt":"2021-08-31T12:57:09","slug":"kundelogin","status":"publish","type":"page","link":"https:\/\/prosave.dk\/en\/kundelogin\/","title":{"rendered":"Kundelogin"},"content":{"rendered":"\n<div class=\"block block--customer-login\">\n\t<div class=\"customer-login\">\n\t\t<div class=\"grid\">\n\t\t\t<input id=\"forgot-id\" type=\"checkbox\" name=\"forgot-radio\">\n\t\t\t<div class=\"col-xl-4 col-lg-6 col-md-8 offset-xl-4 offset-lg-3 offset-md-2 customer-login__wrapper\">\n\t\t\t\t<div class=\"customer-login__container customer-login__container--login\">\n\t\t\t\t\t<div class=\"customer-login__content\">\n\t\t\t\t\t\t<h1>Velkommen til dit ProSave<\/h1>\n<p>K\u00f8b materialer med det samme &#8211; log ind herunder.<\/p>\n\n\t\t\t\t\t<\/div>\n\n\t\t\t\t\t<div class=\"form-wrapper\">\n\t\t\t\t\t\t<form class=\"customer-login__form\">\n\t\t\t\t\t\t\t<div class=\"form__group\">\n\t\t\t\t\t\t\t\t<div class=\"field\">\n\t\t\t\t\t\t\t\t\t<label>\n\t\t\t\t\t\t\t\t\t\t<input type=\"email\" name=\"username\" placeholder=\" \" value=\"\" required>\n\t\t\t\t\t\t\t\t\t\t<span class=\"label\">Email<\/span>\n\t\t\t\t\t\t\t\t\t<\/label>\n\t\t\t\t\t\t\t\t<\/div>\n\t\t\t\t\t\t\t<\/div>\n\t\t\t\t\t\t\t<div class=\"form__group\">\n\t\t\t\t\t\t\t\t<div class=\"field\">\n\t\t\t\t\t\t\t\t\t<label>\n\t\t\t\t\t\t\t\t\t\t<input type=\"password\" name=\"password\" value=\"\" placeholder=\" \" required>\n\t\t\t\t\t\t\t\t\t\t<span class=\"label\">Password<\/span>\n\t\t\t\t\t\t\t\t\t<\/label>\n\t\t\t\t\t\t\t\t<\/div>\n\t\t\t\t\t\t\t<\/div>\n\t\t\t\t\t\t\t<div class=\"form__group\">\n\t\t\t\t\t\t\t\t<div class=\"field\">\n\t\t\t\t\t\t\t\t\t<button type=\"submit\" class=\"btn btn--primary customer-login__button\">Login <i><svg width=\"19\" height=\"9\" viewBox=\"0 0 19 9\" fill=\"none\" xmlns=\"http:\/\/www.w3.org\/2000\/svg\">\n<path d=\"M18.3536 4.85355C18.5488 4.65829 18.5488 4.34171 18.3536 4.14645L15.1716 0.964466C14.9763 0.769204 14.6597 0.769204 14.4645 0.964466C14.2692 1.15973 14.2692 1.47631 14.4645 1.67157L17.2929 4.5L14.4645 7.32843C14.2692 7.52369 14.2692 7.84027 14.4645 8.03553C14.6597 8.2308 14.9763 8.2308 15.1716 8.03553L18.3536 4.85355ZM0 5H18V4H0V5Z\" fill=\"#191916\"\/>\n<\/svg>\n<\/i><\/button>\n\t\t\t\t\t\t\t\t<\/div>\n\t\t\t\t\t\t\t<\/div>\n\t\t\t\t\t\t<\/form>\n\t\t\t\t\t<\/div>\n\t\t\t\t<\/div>\n\n\t\t\t\t<div class=\"customer-login__container customer-login__container--forgot\">\n\t\t\t\t\t<div class=\"customer-login__content\">\n\t\t\t\t\t\t<h2>Glemt adgangskode<\/h2>\n\n\t\t\t\t\t<\/div>\n\n\t\t\t\t\t<div class=\"form-wrapper\">\n\t\t\t\t\t\t<form class=\"customer-login__forgot-form\">\n\t\t\t\t\t\t\t<div class=\"form__group\">\n\t\t\t\t\t\t\t\t<div class=\"field\">\n\t\t\t\t\t\t\t\t\t<label>\n\t\t\t\t\t\t\t\t\t\t<input type=\"email\" name=\"username\" placeholder=\" \" value=\"\" required>\n\t\t\t\t\t\t\t\t\t\t<span class=\"label\">Email<\/span>\n\t\t\t\t\t\t\t\t\t<\/label>\n\t\t\t\t\t\t\t\t<\/div>\n\t\t\t\t\t\t\t<\/div>\n\t\t\t\t\t\t\t<div class=\"form__group\">\n\t\t\t\t\t\t\t\t<div class=\"field\">\n\t\t\t\t\t\t\t\t\t<button type=\"submit\" class=\"btn btn--primary customer-login__forgot-button\">Change password <i><svg width=\"19\" height=\"9\" viewBox=\"0 0 19 9\" fill=\"none\" xmlns=\"http:\/\/www.w3.org\/2000\/svg\">\n<path d=\"M18.3536 4.85355C18.5488 4.65829 18.5488 4.34171 18.3536 4.14645L15.1716 0.964466C14.9763 0.769204 14.6597 0.769204 14.4645 0.964466C14.2692 1.15973 14.2692 1.47631 14.4645 1.67157L17.2929 4.5L14.4645 7.32843C14.2692 7.52369 14.2692 7.84027 14.4645 8.03553C14.6597 8.2308 14.9763 8.2308 15.1716 8.03553L18.3536 4.85355ZM0 5H18V4H0V5Z\" fill=\"#191916\"\/>\n<\/svg>\n<\/i><\/button>\n\t\t\t\t\t\t\t\t<\/div>\n\t\t\t\t\t\t\t<\/div>\n\t\t\t\t\t\t<\/form>\n\t\t\t\t\t<\/div>\n\t\t\t\t<\/div>\n\t\t\t\t<label class=\"customer-login__forgot\" for=\"forgot-id\">Forgot password?<\/label>\n\t\t\t\t<label class=\"customer-login__login\" for=\"forgot-id\">Login<\/label>\n\t\t\t<\/div>\n\n\t\t\t<div class=\"col-12 customer-login\">\n\t\t\t\t\t\t\t\t\t\t\t<\/div>\n\t\t<\/div>\n\t<\/div>\n<\/div>\n","protected":false},"excerpt":{"rendered":"","protected":false},"author":1,"featured_media":0,"parent":0,"menu_order":0,"comment_status":"closed","ping_status":"closed","template":"","meta":{"_acf_changed":false,"footnotes":""},"class_list":["post-188","page","type-page","status-publish","hentry"],"acf":[],"yoast_head":"<!-- This site is optimized with the Yoast SEO plugin v27.2 - https:\/\/yoast.com\/product\/yoast-seo-wordpress\/ -->\n<title>Kundelogin - ProSave<\/title>\n<meta name=\"robots\" content=\"noindex, follow, max-snippet:-1, max-image-preview:large, max-video-preview:-1\" \/>\n<meta property=\"og:locale\" content=\"en_US\" \/>\n<meta property=\"og:type\" content=\"article\" \/>\n<meta property=\"og:title\" content=\"Kundelogin - ProSave\" \/>\n<meta property=\"og:url\" content=\"https:\/\/prosave.dk\/en\/kundelogin\/\" \/>\n<meta property=\"og:site_name\" content=\"ProSave\" \/>\n<meta property=\"article:modified_time\" content=\"2021-08-31T12:57:09+00:00\" \/>\n<meta name=\"twitter:card\" content=\"summary_large_image\" \/>\n<script type=\"application\/ld+json\" class=\"yoast-schema-graph\">{\"@context\":\"https:\/\/schema.org\",\"@graph\":[{\"@type\":\"WebPage\",\"@id\":\"https:\/\/prosave.dk\/en\/kundelogin\/\",\"url\":\"https:\/\/prosave.dk\/en\/kundelogin\/\",\"name\":\"Kundelogin - ProSave\",\"isPartOf\":{\"@id\":\"https:\/\/prosave.dk\/en\/#website\"},\"datePublished\":\"2021-06-10T11:21:50+00:00\",\"dateModified\":\"2021-08-31T12:57:09+00:00\",\"breadcrumb\":{\"@id\":\"https:\/\/prosave.dk\/en\/kundelogin\/#breadcrumb\"},\"inLanguage\":\"en-US\",\"potentialAction\":[{\"@type\":\"ReadAction\",\"target\":[\"https:\/\/prosave.dk\/en\/kundelogin\/\"]}]},{\"@type\":\"BreadcrumbList\",\"@id\":\"https:\/\/prosave.dk\/en\/kundelogin\/#breadcrumb\",\"itemListElement\":[{\"@type\":\"ListItem\",\"position\":1,\"name\":\"Hjem\",\"item\":\"https:\/\/prosave.dk\/en\/\"},{\"@type\":\"ListItem\",\"position\":2,\"name\":\"Kundelogin\"}]},{\"@type\":\"WebSite\",\"@id\":\"https:\/\/prosave.dk\/en\/#website\",\"url\":\"https:\/\/prosave.dk\/en\/\",\"name\":\"ProSave\",\"description\":\"K\u00f8b byggematerialer p\u00e5 tv\u00e6rs af grossister\",\"potentialAction\":[{\"@type\":\"SearchAction\",\"target\":{\"@type\":\"EntryPoint\",\"urlTemplate\":\"https:\/\/prosave.dk\/en\/?s={search_term_string}\"},\"query-input\":{\"@type\":\"PropertyValueSpecification\",\"valueRequired\":true,\"valueName\":\"search_term_string\"}}],\"inLanguage\":\"en-US\"}]}<\/script>\n<!-- \/ Yoast SEO plugin. -->","yoast_head_json":{"title":"Kundelogin - ProSave","robots":{"index":"noindex","follow":"follow","max-snippet":"max-snippet:-1","max-image-preview":"max-image-preview:large","max-video-preview":"max-video-preview:-1"},"og_locale":"en_US","og_type":"article","og_title":"Kundelogin - ProSave","og_url":"https:\/\/prosave.dk\/en\/kundelogin\/","og_site_name":"ProSave","article_modified_time":"2021-08-31T12:57:09+00:00","twitter_card":"summary_large_image","schema":{"@context":"https:\/\/schema.org","@graph":[{"@type":"WebPage","@id":"https:\/\/prosave.dk\/en\/kundelogin\/","url":"https:\/\/prosave.dk\/en\/kundelogin\/","name":"Kundelogin - ProSave","isPartOf":{"@id":"https:\/\/prosave.dk\/en\/#website"},"datePublished":"2021-06-10T11:21:50+00:00","dateModified":"2021-08-31T12:57:09+00:00","breadcrumb":{"@id":"https:\/\/prosave.dk\/en\/kundelogin\/#breadcrumb"},"inLanguage":"en-US","potentialAction":[{"@type":"ReadAction","target":["https:\/\/prosave.dk\/en\/kundelogin\/"]}]},{"@type":"BreadcrumbList","@id":"https:\/\/prosave.dk\/en\/kundelogin\/#breadcrumb","itemListElement":[{"@type":"ListItem","position":1,"name":"Hjem","item":"https:\/\/prosave.dk\/en\/"},{"@type":"ListItem","position":2,"name":"Kundelogin"}]},{"@type":"WebSite","@id":"https:\/\/prosave.dk\/en\/#website","url":"https:\/\/prosave.dk\/en\/","name":"ProSave","description":"K\u00f8b byggematerialer p\u00e5 tv\u00e6rs af grossister","potentialAction":[{"@type":"SearchAction","target":{"@type":"EntryPoint","urlTemplate":"https:\/\/prosave.dk\/en\/?s={search_term_string}"},"query-input":{"@type":"PropertyValueSpecification","valueRequired":true,"valueName":"search_term_string"}}],"inLanguage":"en-US"}]}},"_links":{"self":[{"href":"https:\/\/prosave.dk\/en\/wp-json\/wp\/v2\/pages\/188","targetHints":{"allow":["GET"]}}],"collection":[{"href":"https:\/\/prosave.dk\/en\/wp-json\/wp\/v2\/pages"}],"about":[{"href":"https:\/\/prosave.dk\/en\/wp-json\/wp\/v2\/types\/page"}],"author":[{"embeddable":true,"href":"https:\/\/prosave.dk\/en\/wp-json\/wp\/v2\/users\/1"}],"replies":[{"embeddable":true,"href":"https:\/\/prosave.dk\/en\/wp-json\/wp\/v2\/comments?post=188"}],"version-history":[{"count":14,"href":"https:\/\/prosave.dk\/en\/wp-json\/wp\/v2\/pages\/188\/revisions"}],"predecessor-version":[{"id":669,"href":"https:\/\/prosave.dk\/en\/wp-json\/wp\/v2\/pages\/188\/revisions\/669"}],"wp:attachment":[{"href":"https:\/\/prosave.dk\/en\/wp-json\/wp\/v2\/media?parent=188"}],"curies":[{"name":"wp","href":"https:\/\/api.w.org\/{rel}","templated":true}]}}