{"id":178,"date":"2021-06-10T13:21:05","date_gmt":"2021-06-10T11:21:05","guid":{"rendered":"http:\/\/prosave.dk\/?page_id=178"},"modified":"2021-08-12T16:01:20","modified_gmt":"2021-08-12T14:01:20","slug":"referencer","status":"publish","type":"page","link":"https:\/\/prosave.dk\/en\/referencer\/","title":{"rendered":"Referencer"},"content":{"rendered":"\n\n<div class=\"block block--quote\">\n\t<div class=\"quote\">\n\t\t<div class=\"quote__background right\">\n\t\t\t<i class=\"quote__icon down-left\"><svg width=\"853\" height=\"505\" viewBox=\"0 0 853 505\" fill=\"none\" xmlns=\"http:\/\/www.w3.org\/2000\/svg\">\n<path d=\"M848 209.647L747.267 502L263.719 502L5.0001 2.99993L397.569 2.99996L508.522 209.647L848 209.647Z\" stroke=\"#FF5F2A\" stroke-width=\"6\" stroke-miterlimit=\"10\"\/>\n<\/svg>\n<\/i>\n\t\t<\/div>\n\t\t<div class=\"grid\">\n\t\t\t<div class=\"col-md-6 image-right\">\n\t\t\t\t\t\t\t\t\t<div class=\"quote__image quote__image--no-vid\">\n\t\t\t\t\t\t<img decoding=\"async\" src=\"https:\/\/prosave.dk\/en\/wp-content\/uploads\/sites\/3\/2021\/06\/Group-107.png\" srcset=\"https:\/\/prosave.dk\/en\/wp-content\/uploads\/sites\/3\/2021\/06\/Group-107.png 739w, https:\/\/prosave.dk\/en\/wp-content\/uploads\/sites\/3\/2021\/06\/Group-107-300x233.png 300w\" sizes=\"(max-width: 100vw) 800px, 800px\" loading=\"lazy\" alt=\"\">\n\t\t\t\t\t<\/div>\n\t\t\t\t\t\t\t<\/div>\n\t\t\t<div class=\"col-md-6\">\n\t\t\t\t<div class=\"quote__container\">\n\t\t\t\t\t<span class=\"quote__quote\">&#8220;Det er en helt klar lettelse, det er <span class=\"text--highlight\">meget nemmere kun at g\u00e5 ind \u00e9t sted<\/span>, og man sparer ogs\u00e5 penge ved det. Jeg vil <span class=\"text--highlight\">anbefale det<\/span> til alle mine kollegaer i Tekniq&#8221;<\/span>\n\t\t\t\t\t<span class=\"quote__author\">\n\t\t\t\t\t\tFlemming Jensen\n\t\t\t\t\t\t, Ejer\n\t\t\t\t\t\t, Roskilde Fjord El A\/S\n\t\t\t\t\t<\/span>\n\t\t\t\t<\/div>\n\t\t\t<\/div>\n\t\t<\/div>\n\t<\/div>\n<\/div>\n\t<style type=\"text\/css\">\n\timg.wp-smiley,\n\timg.emoji {\n\t\tdisplay: inline !important;\n\t\tborder: none !important;\n\t\tbox-shadow: none !important;\n\t\theight: 1em !important;\n\t\twidth: 1em !important;\n\t\tmargin: 0 0.07em !important;\n\t\tvertical-align: -0.1em !important;\n\t\tbackground: none !important;\n\t\tpadding: 0 !important;\n\t}\n\t<\/style>\n\t\n\n\n\n<div class=\"block block--quote\">\n\t<div class=\"quote\">\n\t\t<div class=\"quote__background left\">\n\t\t\t<i class=\"quote__icon down-left\"><svg width=\"853\" height=\"505\" viewBox=\"0 0 853 505\" fill=\"none\" xmlns=\"http:\/\/www.w3.org\/2000\/svg\">\n<path d=\"M848 209.647L747.267 502L263.719 502L5.0001 2.99993L397.569 2.99996L508.522 209.647L848 209.647Z\" stroke=\"#FF5F2A\" stroke-width=\"6\" stroke-miterlimit=\"10\"\/>\n<\/svg>\n<\/i>\n\t\t<\/div>\n\t\t<div class=\"grid\">\n\t\t\t<div class=\"col-md-6 \">\n\t\t\t\t\t\t\t\t\t<div class=\"quote__image quote__image--no-vid\">\n\t\t\t\t\t\t<img decoding=\"async\" src=\"https:\/\/prosave.dk\/en\/wp-content\/uploads\/sites\/3\/2021\/07\/eltel-magazine.png\" srcset=\"https:\/\/prosave.dk\/en\/wp-content\/uploads\/sites\/3\/2021\/07\/eltel-magazine.png 1000w, https:\/\/prosave.dk\/en\/wp-content\/uploads\/sites\/3\/2021\/07\/eltel-magazine-300x300.png 300w, https:\/\/prosave.dk\/en\/wp-content\/uploads\/sites\/3\/2021\/07\/eltel-magazine-150x150.png 150w, https:\/\/prosave.dk\/en\/wp-content\/uploads\/sites\/3\/2021\/07\/eltel-magazine-768x766.png 768w\" sizes=\"(max-width: 100vw) 800px, 800px\" loading=\"lazy\" alt=\"\">\n\t\t\t\t\t<\/div>\n\t\t\t\t\t\t\t<\/div>\n\t\t\t<div class=\"col-md-6\">\n\t\t\t\t<div class=\"quote__container\">\n\t\t\t\t\t<span class=\"quote__quote\">&#8220;Vi har f\u00e5et et <span class=\"text--highlight\">st\u00f8rre produktudvalg<\/span> med ProSave da vi nu k\u00f8ber fra alle grossister. <span class=\"text--highlight\">Integration til E-Komplet<\/span> fungerer ogs\u00e5 up\u00e5klageligt, og <span class=\"text--highlight\">brugeradministration er nemt<\/span>.&#8221; <\/span>\n\t\t\t\t\t<span class=\"quote__author\">\n\t\t\t\t\t\tThomas Rosengart\n\t\t\t\t\t\t, Overmont\u00f8r\n\t\t\t\t\t\t, Micali El A\/S\n\t\t\t\t\t<\/span>\n\t\t\t\t<\/div>\n\t\t\t<\/div>\n\t\t<\/div>\n\t<\/div>\n<\/div>\n\n\n\n<div class=\"block block--quote-slider\">\n\t<div class=\"quote-slider\">\n\t\t\n\t\t<div class=\"grid\">\n\t\t\t\t\t\t\t<div class=\"col-xl-6 col-lg-8 offset-xl-3 offset-lg-2\">\n\t\t\t\t\t<span class=\"font--h2 quote-slider__title\">Det siger kunderne<\/span>\n\t\t\t\t<\/div>\n\t\t\t\t\t\t<div class=\"col-lg-10 offset-lg-1 quote-slider__col\">\n\t\t\t\t<div class=\"splide quote-slider__slider\">\n\t\t\t\t\t<div class=\"splide__track\">\n\t\t\t\t\t\t<ul class=\"splide__list\">\n\t\t\t\t\t\t\t\t\t\t\t\t\t\t\t<li class=\"splide__slide\">\n\t\t\t\t\t\t\t\t\t\n<div class=\"quote-card\">\n\t<i class=\"quote-card__icon\"><svg width=\"282\" height=\"247\" viewBox=\"0 0 282 247\" fill=\"none\" xmlns=\"http:\/\/www.w3.org\/2000\/svg\">\n<g style=\"mix-blend-mode:multiply\" opacity=\"0.3\">\n<path d=\"M223.941 2.54419e-05C242.373 2.70532e-05 256.81 7.06599 267.255 21.1978C277.085 35.3297 282 55.913 282 82.9478C282 119.813 273.706 151.764 257.118 178.799C240.529 205.833 216.261 228.567 184.314 247L162.196 211.056C185.542 195.695 203.052 179.106 214.725 161.287C226.399 144.083 232.235 122.578 232.235 96.7724C230.392 97.3868 227.627 97.694 223.941 97.694C211.654 97.694 200.595 93.7002 190.765 85.7127C180.32 77.7251 175.098 66.051 175.098 50.6903C175.098 34.7152 179.706 22.1194 188.922 12.903C198.137 4.30103 209.81 2.42066e-05 223.941 2.54419e-05ZM61.7451 1.12623e-05C80.1765 1.28736e-05 94.6144 7.06598 105.059 21.1978C114.889 35.3297 119.804 55.913 119.804 82.9478C119.804 119.813 111.51 151.764 94.9215 178.798C78.3333 205.833 54.0653 228.567 22.1176 247L-2.73752e-05 211.056C23.3464 195.695 40.8562 179.106 52.5294 161.287C64.2026 144.083 70.0392 122.578 70.0392 96.7724C68.1961 97.3868 65.4313 97.694 61.7451 97.694C49.4575 97.694 38.3987 93.7002 28.5686 85.7127C18.1242 77.7251 12.9019 66.051 12.9019 50.6903C12.9019 34.7152 17.5098 22.1194 26.7255 12.903C35.9412 4.30102 47.6144 1.00269e-05 61.7451 1.12623e-05Z\" fill=\"#FF5F2A\"\/>\n<\/g>\n<\/svg>\n<\/i>\n\t<span class=\"quote-card__quote\">&#8220;Vi har f\u00e5et et <span class=\"text--highlight\">st\u00f8rre produktudvalg<\/span> med ProSave da vi nu k\u00f8ber fra alle grossister. <span class=\"text--highlight\">Integration til E-Komplet<\/span> fungerer ogs\u00e5 up\u00e5klageligt, og <span class=\"text--highlight\">brugeradministration er nemt<\/span>.&#8221; <\/span>\n\t<span class=\"quote-card__author\">Thomas Rosengart, Overmont\u00f8r, Micali El A\/S<\/span>\n<\/div>\n\t\t\t\t\t\t\t\t<\/li>\n\t\t\t\t\t\t\t\t\t\t\t\t\t\t\t<li class=\"splide__slide\">\n\t\t\t\t\t\t\t\t\t\n<div class=\"quote-card\">\n\t<i class=\"quote-card__icon\"><svg width=\"282\" height=\"247\" viewBox=\"0 0 282 247\" fill=\"none\" xmlns=\"http:\/\/www.w3.org\/2000\/svg\">\n<g style=\"mix-blend-mode:multiply\" opacity=\"0.3\">\n<path d=\"M223.941 2.54419e-05C242.373 2.70532e-05 256.81 7.06599 267.255 21.1978C277.085 35.3297 282 55.913 282 82.9478C282 119.813 273.706 151.764 257.118 178.799C240.529 205.833 216.261 228.567 184.314 247L162.196 211.056C185.542 195.695 203.052 179.106 214.725 161.287C226.399 144.083 232.235 122.578 232.235 96.7724C230.392 97.3868 227.627 97.694 223.941 97.694C211.654 97.694 200.595 93.7002 190.765 85.7127C180.32 77.7251 175.098 66.051 175.098 50.6903C175.098 34.7152 179.706 22.1194 188.922 12.903C198.137 4.30103 209.81 2.42066e-05 223.941 2.54419e-05ZM61.7451 1.12623e-05C80.1765 1.28736e-05 94.6144 7.06598 105.059 21.1978C114.889 35.3297 119.804 55.913 119.804 82.9478C119.804 119.813 111.51 151.764 94.9215 178.798C78.3333 205.833 54.0653 228.567 22.1176 247L-2.73752e-05 211.056C23.3464 195.695 40.8562 179.106 52.5294 161.287C64.2026 144.083 70.0392 122.578 70.0392 96.7724C68.1961 97.3868 65.4313 97.694 61.7451 97.694C49.4575 97.694 38.3987 93.7002 28.5686 85.7127C18.1242 77.7251 12.9019 66.051 12.9019 50.6903C12.9019 34.7152 17.5098 22.1194 26.7255 12.903C35.9412 4.30102 47.6144 1.00269e-05 61.7451 1.12623e-05Z\" fill=\"#FF5F2A\"\/>\n<\/g>\n<\/svg>\n<\/i>\n\t<span class=\"quote-card__quote\">&#8220;Det er en helt klar lettelse, det er <span class=\"text--highlight\">meget nemmere kun at g\u00e5 ind \u00e9t sted<\/span>, og man sparer ogs\u00e5 penge ved det. Jeg vil <span class=\"text--highlight\">anbefale det<\/span> til alle mine kollegaer i Tekniq&#8221;<\/span>\n\t<span class=\"quote-card__author\">Flemming Jensen, Ejer, Roskilde Fjord El A\/S<\/span>\n<\/div>\n\t\t\t\t\t\t\t\t<\/li>\n\t\t\t\t\t\t\t\t\t\t\t\t\t\t\t<li class=\"splide__slide\">\n\t\t\t\t\t\t\t\t\t\n<div class=\"quote-card\">\n\t<i class=\"quote-card__icon\"><svg width=\"282\" height=\"247\" viewBox=\"0 0 282 247\" fill=\"none\" xmlns=\"http:\/\/www.w3.org\/2000\/svg\">\n<g style=\"mix-blend-mode:multiply\" opacity=\"0.3\">\n<path d=\"M223.941 2.54419e-05C242.373 2.70532e-05 256.81 7.06599 267.255 21.1978C277.085 35.3297 282 55.913 282 82.9478C282 119.813 273.706 151.764 257.118 178.799C240.529 205.833 216.261 228.567 184.314 247L162.196 211.056C185.542 195.695 203.052 179.106 214.725 161.287C226.399 144.083 232.235 122.578 232.235 96.7724C230.392 97.3868 227.627 97.694 223.941 97.694C211.654 97.694 200.595 93.7002 190.765 85.7127C180.32 77.7251 175.098 66.051 175.098 50.6903C175.098 34.7152 179.706 22.1194 188.922 12.903C198.137 4.30103 209.81 2.42066e-05 223.941 2.54419e-05ZM61.7451 1.12623e-05C80.1765 1.28736e-05 94.6144 7.06598 105.059 21.1978C114.889 35.3297 119.804 55.913 119.804 82.9478C119.804 119.813 111.51 151.764 94.9215 178.798C78.3333 205.833 54.0653 228.567 22.1176 247L-2.73752e-05 211.056C23.3464 195.695 40.8562 179.106 52.5294 161.287C64.2026 144.083 70.0392 122.578 70.0392 96.7724C68.1961 97.3868 65.4313 97.694 61.7451 97.694C49.4575 97.694 38.3987 93.7002 28.5686 85.7127C18.1242 77.7251 12.9019 66.051 12.9019 50.6903C12.9019 34.7152 17.5098 22.1194 26.7255 12.903C35.9412 4.30102 47.6144 1.00269e-05 61.7451 1.12623e-05Z\" fill=\"#FF5F2A\"\/>\n<\/g>\n<\/svg>\n<\/i>\n\t<span class=\"quote-card__quote\">&#8220;Efter at vi er begyndt at bruge ProSave, har vi sparet ca. 15 % p\u00e5 vores el-indk\u00f8b. Mont\u00f8rerne er glade, for de sparer tid. Jeg er glad for jeg har et bedre overblik, og sparer tid&#8221;.<\/span>\n\t<span class=\"quote-card__author\">Henrik Holmgren, Ejer, LTECH A\/S<\/span>\n<\/div>\n\t\t\t\t\t\t\t\t<\/li>\n\t\t\t\t\t\t\t\t\t\t\t\t\t<\/ul>\n\t\t\t\t\t<\/div>\n\t\t\t\t<\/div>\n\t\t\t<\/div>\n\t\t<\/div>\n\t<\/div>\n<\/div>\n\n\n\n<div class=\"block block--partners\">\n\t<div class=\"partners\">\n\t\t<div class=\"partners-outer__background\">\n\t\t\t<i class=\"partners__icon down-left\"><svg width=\"853\" height=\"505\" viewBox=\"0 0 853 505\" fill=\"none\" xmlns=\"http:\/\/www.w3.org\/2000\/svg\">\n<path d=\"M848 209.647L747.267 502L263.719 502L5.0001 2.99993L397.569 2.99996L508.522 209.647L848 209.647Z\" stroke=\"#FF5F2A\" stroke-width=\"6\" stroke-miterlimit=\"10\"\/>\n<\/svg>\n<\/i>\n\t\t<\/div>\n\n\t\t<div class=\"grid\">\n\t\t\t<div class=\"col-12\">\n\t\t\t\t<div class=\"partners__container\">\n\t\t\t\t\t<i class=\"partners__background up-left\"><svg width=\"386\" height=\"218\" viewBox=\"0 0 386 218\" fill=\"none\" xmlns=\"http:\/\/www.w3.org\/2000\/svg\">\n<path d=\"M382.89 126.96L339.82 2H114.62L4 215.28H171.86L219.29 126.96H382.89Z\" stroke=\"#FF5F2A\" stroke-width=\"3\" stroke-miterlimit=\"10\"\/>\n<\/svg>\n<\/i>\n\n\t\t\t\t\t<span class=\"font--h3 partners__title\">Udvalgte Referencer<\/span>\n\t\t\t\t\t<div class=\"partners__gallery\">\n\t\t\t\t\t\t\t\t\t\t\t\t\t<div class=\"partners__partner\">\n\t\t\t\t\t\t\t\t<img decoding=\"async\" src=\"https:\/\/prosave.dk\/en\/wp-content\/uploads\/sites\/3\/2021\/06\/solar.png\" srcset=\"\" sizes=\"(max-width: 100vw) 185px, 185px\" loading=\"lazy\" alt=\"\">\n\t\t\t\t\t\t\t<\/div>\n\t\t\t\t\t\t\t\t\t\t\t\t\t<div class=\"partners__partner\">\n\t\t\t\t\t\t\t\t<img decoding=\"async\" src=\"https:\/\/prosave.dk\/en\/wp-content\/uploads\/sites\/3\/2021\/06\/ao.png\" srcset=\"\" sizes=\"(max-width: 100vw) 185px, 185px\" loading=\"lazy\" alt=\"\">\n\t\t\t\t\t\t\t<\/div>\n\t\t\t\t\t\t\t\t\t\t\t\t\t<div class=\"partners__partner\">\n\t\t\t\t\t\t\t\t<img decoding=\"async\" src=\"https:\/\/prosave.dk\/en\/wp-content\/uploads\/sites\/3\/2021\/06\/lm.png\" srcset=\"\" sizes=\"(max-width: 100vw) 185px, 185px\" loading=\"lazy\" alt=\"\">\n\t\t\t\t\t\t\t<\/div>\n\t\t\t\t\t\t\t\t\t\t\t\t\t<div class=\"partners__partner\">\n\t\t\t\t\t\t\t\t<img decoding=\"async\" src=\"https:\/\/prosave.dk\/en\/wp-content\/uploads\/sites\/3\/2021\/06\/produal.png\" srcset=\"\" sizes=\"(max-width: 100vw) 185px, 185px\" loading=\"lazy\" alt=\"\">\n\t\t\t\t\t\t\t<\/div>\n\t\t\t\t\t\t\t\t\t\t\t\t\t<div class=\"partners__partner\">\n\t\t\t\t\t\t\t\t<img decoding=\"async\" src=\"https:\/\/prosave.dk\/en\/wp-content\/uploads\/sites\/3\/2021\/06\/pm.png\" srcset=\"\" sizes=\"(max-width: 100vw) 185px, 185px\" loading=\"lazy\" alt=\"\">\n\t\t\t\t\t\t\t<\/div>\n\t\t\t\t\t\t\t\t\t\t\t\t\t<div class=\"partners__partner\">\n\t\t\t\t\t\t\t\t<img decoding=\"async\" src=\"https:\/\/prosave.dk\/en\/wp-content\/uploads\/sites\/3\/2021\/06\/ifs.png\" srcset=\"\" sizes=\"(max-width: 100vw) 185px, 185px\" loading=\"lazy\" alt=\"\">\n\t\t\t\t\t\t\t<\/div>\n\t\t\t\t\t\t\t\t\t\t\t\t\t<div class=\"partners__partner\">\n\t\t\t\t\t\t\t\t<img decoding=\"async\" src=\"https:\/\/prosave.dk\/en\/wp-content\/uploads\/sites\/3\/2021\/06\/eg.png\" srcset=\"\" sizes=\"(max-width: 100vw) 185px, 185px\" loading=\"lazy\" alt=\"\">\n\t\t\t\t\t\t\t<\/div>\n\t\t\t\t\t\t\t\t\t\t\t\t\t<div class=\"partners__partner\">\n\t\t\t\t\t\t\t\t<img decoding=\"async\" src=\"https:\/\/prosave.dk\/en\/wp-content\/uploads\/sites\/3\/2021\/06\/GN-Belysning-logo-300x300.png\" srcset=\"https:\/\/prosave.dk\/en\/wp-content\/uploads\/sites\/3\/2021\/06\/GN-Belysning-logo-300x300.png 300w, https:\/\/prosave.dk\/en\/wp-content\/uploads\/sites\/3\/2021\/06\/GN-Belysning-logo-150x150.png 150w, https:\/\/prosave.dk\/en\/wp-content\/uploads\/sites\/3\/2021\/06\/GN-Belysning-logo.png 450w\" sizes=\"(max-width: 100vw) 185px, 185px\" loading=\"lazy\" alt=\"\">\n\t\t\t\t\t\t\t<\/div>\n\t\t\t\t\t\t\t\t\t\t\t<\/div>\n\n\t\t\t\t\t\t\t\t\t<\/div>\n\t\t\t<\/div>\n\t\t<\/div>\n\t<\/div>\n<\/div>\n\n\n\n<div class=\"block block--contact\">\n\t<div class=\"contact\">\n\t\t<i class=\"contact__background down-right\"><svg width=\"366\" height=\"217\" viewBox=\"0 0 366 217\" fill=\"none\" xmlns=\"http:\/\/www.w3.org\/2000\/svg\">\n<path d=\"M3 90.32L46.08 215.28H252.83L363.45 2H195.59L148.16 90.32H3Z\" stroke=\"#FF5F2A\" stroke-width=\"3\" stroke-miterlimit=\"10\"\/>\n<\/svg>\n<\/i>\n\t\t<i class=\"contact__background up-left\"><svg width=\"386\" height=\"218\" viewBox=\"0 0 386 218\" fill=\"none\" xmlns=\"http:\/\/www.w3.org\/2000\/svg\">\n<path d=\"M382.89 126.96L339.82 2H114.62L4 215.28H171.86L219.29 126.96H382.89Z\" stroke=\"#FF5F2A\" stroke-width=\"3\" stroke-miterlimit=\"10\"\/>\n<\/svg>\n<\/i>\n\t\t<div class=\"grid\">\n\t\t\t<div class=\"col-xl-4 col-lg-5 offset-lg-1\">\n\t\t\t\t<div class=\"contact__container\">\n\t\t\t\t\t<span class=\"font--h2 contact__title\">Kom i gang med platformen i dag<\/span>\n\t\t\t\t\t<span class=\"contact__text\">Er du blevet nysgerrig p\u00e5, hvordan du effektivt k\u00f8ber materialer til dine opgaver &#8211; s\u00e5 pr\u00f8v vores platform i 14 dage gratis.<\/span>\n\t\t\t\t<\/div>\n\t\t\t<\/div>\n\t\t\t<div class=\"col-xl-5 col-lg-6 offset-xl-6\">\n\t\t\t\t<div class=\"contact__form-container\">\n\t\t\t\t\t<span class=\"contact__tag\">Det tager kun et \u00f8jeblik, og s\u00e5 er du i gang!<\/span>\n\t\t\t\t\t<div class=\"form-wrapper\">\n\t\t\t\t\t\t<form class=\"contact__form\">\n\t\t\t\t\t\t\t<div class=\"form__group form__group--split\">\n\t\t\t\t\t\t\t\t<div class=\"field\">\n\t\t\t\t\t\t\t\t\t<label>\n\t\t\t\t\t\t\t\t\t\t<input type=\"text\" name=\"info\" placeholder=\" \" required>\n\t\t\t\t\t\t\t\t\t\t<span class=\"label\">Write e-mail or phone<\/span>\n\t\t\t\t\t\t\t\t\t<\/label>\n\t\t\t\t\t\t\t\t<\/div>\n\t\t\t\t\t\t\t\t<div class=\"field\">\n\t\t\t\t\t\t\t\t\t<button type=\"submit\" class=\"btn btn--primary\">Try for free <i><svg width=\"19\" height=\"9\" viewBox=\"0 0 19 9\" fill=\"none\" xmlns=\"http:\/\/www.w3.org\/2000\/svg\">\n<path d=\"M18.3536 4.85355C18.5488 4.65829 18.5488 4.34171 18.3536 4.14645L15.1716 0.964466C14.9763 0.769204 14.6597 0.769204 14.4645 0.964466C14.2692 1.15973 14.2692 1.47631 14.4645 1.67157L17.2929 4.5L14.4645 7.32843C14.2692 7.52369 14.2692 7.84027 14.4645 8.03553C14.6597 8.2308 14.9763 8.2308 15.1716 8.03553L18.3536 4.85355ZM0 5H18V4H0V5Z\" fill=\"#191916\"\/>\n<\/svg>\n<\/i><\/button>\n\t\t\t\t\t\t\t\t<\/div>\n\t\t\t\t\t\t\t<\/div>\n\t\t\t\t\t\t\t<div class=\"form__group\">\n\t\t\t\t\t\t\t\t<div class=\"field\">\n\t\t\t\t\t\t\t\t\t<label>\n\t\t\t\t\t\t\t\t\t\t<input type=\"checkbox\" name=\"consent\">\n\t\t\t\t\t\t\t\t\t\t<span class=\"label\">\n\t\t\t\t\t\t\t\t\t\t\t<div class=\"checkbox\" data-consent-missing=\"Du skal acceptere betingelserne\">\n\t\t\t\t\t\t\t\t\t\t\t\t<div class=\"checkmark\"><svg width=\"10\" height=\"6\" viewBox=\"0 0 10 6\" fill=\"none\" xmlns=\"http:\/\/www.w3.org\/2000\/svg\">\n<path d=\"M1 2.75354L4.02436 5L9.40948 1\" stroke=\"#191916\" stroke-miterlimit=\"10\" stroke-linejoin=\"round\"\/>\n<\/svg>\n<\/div>\n\t\t\t\t\t\t\t\t\t\t\t<\/div>\n\t\t\t\t\t\t\t\t\t\t\t<div class=\"checkbox-text\"><p><i><span lang=\"DA\">Ved indtastning og afsendelse af telefonnr. eller e-mail, giver jeg samtykke til, at ProSave ApS inden for 10 hverdage m\u00e5 kontakte mig vedr\u00f8rende oprettelse som kunde (gratis pr\u00f8veperiode, 14 dage). Jeg kan til enhver tid tilbagekalde samtykke ved at kontakte\u00a0<a href=\"mailto:support@prosave.dk\" target=\"_blank\" rel=\"noopener noreferrer\">support@prosave.dk<\/a>. Jeg accepterer samtidig behandling af personoplysninger anf\u00f8rt i ProSave ApS\u2019\u00a0<a href=\"https:\/\/prosave.dk\/privacy-policy\/\" target=\"_blank\" rel=\"noopener\"><u>privatlivspolitik<\/u><\/a>.<\/span><\/i><\/p>\n<\/div>\n\t\t\t\t\t\t\t\t\t\t<\/span>\n\t\t\t\t\t\t\t\t\t<\/label>\n\t\t\t\t\t\t\t\t<\/div>\n\t\t\t\t\t\t\t<\/div>\n\t\t\t\t\t\t<\/form>\n\t\t\t\t\t<\/div>\n\t\t\t\t<\/div>\n\t\t\t<\/div>\n\t\t<\/div>\n\t<\/div>\n<\/div>\n","protected":false},"excerpt":{"rendered":"","protected":false},"author":1,"featured_media":0,"parent":0,"menu_order":0,"comment_status":"closed","ping_status":"closed","template":"","meta":{"_acf_changed":false,"footnotes":""},"class_list":["post-178","page","type-page","status-publish","hentry"],"acf":[],"yoast_head":"<!-- This site is optimized with the Yoast SEO plugin v27.2 - https:\/\/yoast.com\/product\/yoast-seo-wordpress\/ -->\n<title>Referencer - ProSave<\/title>\n<meta name=\"robots\" content=\"noindex, follow, max-snippet:-1, max-image-preview:large, max-video-preview:-1\" \/>\n<meta property=\"og:locale\" content=\"en_US\" \/>\n<meta property=\"og:type\" content=\"article\" \/>\n<meta property=\"og:title\" content=\"Referencer - ProSave\" \/>\n<meta property=\"og:url\" content=\"https:\/\/prosave.dk\/en\/referencer\/\" \/>\n<meta property=\"og:site_name\" content=\"ProSave\" \/>\n<meta property=\"article:modified_time\" content=\"2021-08-12T14:01:20+00:00\" \/>\n<meta name=\"twitter:card\" content=\"summary_large_image\" \/>\n<script type=\"application\/ld+json\" class=\"yoast-schema-graph\">{\"@context\":\"https:\/\/schema.org\",\"@graph\":[{\"@type\":\"WebPage\",\"@id\":\"https:\/\/prosave.dk\/en\/referencer\/\",\"url\":\"https:\/\/prosave.dk\/en\/referencer\/\",\"name\":\"Referencer - ProSave\",\"isPartOf\":{\"@id\":\"https:\/\/prosave.dk\/en\/#website\"},\"datePublished\":\"2021-06-10T11:21:05+00:00\",\"dateModified\":\"2021-08-12T14:01:20+00:00\",\"breadcrumb\":{\"@id\":\"https:\/\/prosave.dk\/en\/referencer\/#breadcrumb\"},\"inLanguage\":\"en-US\",\"potentialAction\":[{\"@type\":\"ReadAction\",\"target\":[\"https:\/\/prosave.dk\/en\/referencer\/\"]}]},{\"@type\":\"BreadcrumbList\",\"@id\":\"https:\/\/prosave.dk\/en\/referencer\/#breadcrumb\",\"itemListElement\":[{\"@type\":\"ListItem\",\"position\":1,\"name\":\"Hjem\",\"item\":\"https:\/\/prosave.dk\/en\/\"},{\"@type\":\"ListItem\",\"position\":2,\"name\":\"Referencer\"}]},{\"@type\":\"WebSite\",\"@id\":\"https:\/\/prosave.dk\/en\/#website\",\"url\":\"https:\/\/prosave.dk\/en\/\",\"name\":\"ProSave\",\"description\":\"K\u00f8b byggematerialer p\u00e5 tv\u00e6rs af grossister\",\"potentialAction\":[{\"@type\":\"SearchAction\",\"target\":{\"@type\":\"EntryPoint\",\"urlTemplate\":\"https:\/\/prosave.dk\/en\/?s={search_term_string}\"},\"query-input\":{\"@type\":\"PropertyValueSpecification\",\"valueRequired\":true,\"valueName\":\"search_term_string\"}}],\"inLanguage\":\"en-US\"}]}<\/script>\n<!-- \/ Yoast SEO plugin. -->","yoast_head_json":{"title":"Referencer - ProSave","robots":{"index":"noindex","follow":"follow","max-snippet":"max-snippet:-1","max-image-preview":"max-image-preview:large","max-video-preview":"max-video-preview:-1"},"og_locale":"en_US","og_type":"article","og_title":"Referencer - ProSave","og_url":"https:\/\/prosave.dk\/en\/referencer\/","og_site_name":"ProSave","article_modified_time":"2021-08-12T14:01:20+00:00","twitter_card":"summary_large_image","schema":{"@context":"https:\/\/schema.org","@graph":[{"@type":"WebPage","@id":"https:\/\/prosave.dk\/en\/referencer\/","url":"https:\/\/prosave.dk\/en\/referencer\/","name":"Referencer - ProSave","isPartOf":{"@id":"https:\/\/prosave.dk\/en\/#website"},"datePublished":"2021-06-10T11:21:05+00:00","dateModified":"2021-08-12T14:01:20+00:00","breadcrumb":{"@id":"https:\/\/prosave.dk\/en\/referencer\/#breadcrumb"},"inLanguage":"en-US","potentialAction":[{"@type":"ReadAction","target":["https:\/\/prosave.dk\/en\/referencer\/"]}]},{"@type":"BreadcrumbList","@id":"https:\/\/prosave.dk\/en\/referencer\/#breadcrumb","itemListElement":[{"@type":"ListItem","position":1,"name":"Hjem","item":"https:\/\/prosave.dk\/en\/"},{"@type":"ListItem","position":2,"name":"Referencer"}]},{"@type":"WebSite","@id":"https:\/\/prosave.dk\/en\/#website","url":"https:\/\/prosave.dk\/en\/","name":"ProSave","description":"K\u00f8b byggematerialer p\u00e5 tv\u00e6rs af grossister","potentialAction":[{"@type":"SearchAction","target":{"@type":"EntryPoint","urlTemplate":"https:\/\/prosave.dk\/en\/?s={search_term_string}"},"query-input":{"@type":"PropertyValueSpecification","valueRequired":true,"valueName":"search_term_string"}}],"inLanguage":"en-US"}]}},"_links":{"self":[{"href":"https:\/\/prosave.dk\/en\/wp-json\/wp\/v2\/pages\/178","targetHints":{"allow":["GET"]}}],"collection":[{"href":"https:\/\/prosave.dk\/en\/wp-json\/wp\/v2\/pages"}],"about":[{"href":"https:\/\/prosave.dk\/en\/wp-json\/wp\/v2\/types\/page"}],"author":[{"embeddable":true,"href":"https:\/\/prosave.dk\/en\/wp-json\/wp\/v2\/users\/1"}],"replies":[{"embeddable":true,"href":"https:\/\/prosave.dk\/en\/wp-json\/wp\/v2\/comments?post=178"}],"version-history":[{"count":11,"href":"https:\/\/prosave.dk\/en\/wp-json\/wp\/v2\/pages\/178\/revisions"}],"predecessor-version":[{"id":719,"href":"https:\/\/prosave.dk\/en\/wp-json\/wp\/v2\/pages\/178\/revisions\/719"}],"wp:attachment":[{"href":"https:\/\/prosave.dk\/en\/wp-json\/wp\/v2\/media?parent=178"}],"curies":[{"name":"wp","href":"https:\/\/api.w.org\/{rel}","templated":true}]}}